{"id":28906,"date":"2017-02-28T11:50:53","date_gmt":"2017-02-28T11:50:53","guid":{"rendered":"https:\/\/logixgrid.com\/sales-automation\/"},"modified":"2025-03-14T14:51:53","modified_gmt":"2025-03-14T14:51:53","slug":"automatisation-des-ventes","status":"publish","type":"page","link":"https:\/\/logixgrid.com\/fr\/automatisation-des-ventes\/","title":{"rendered":"Sales Automation"},"content":{"rendered":"<style>\n.salesforce_banner{padding:80px 0}.header-txt-css{margin-top:0!important}.clobzsales_tabs h2,.appintegration h2{margin-left:auto;margin-right:auto}.tab{display:flex;list-style:none;padding-left:0}.tab .tablinks{color:#cc2922;cursor:pointer;font-size:17px;font-weight:500;line-height:24px;width:20%}.tabContent{animation:fadeEffect 1s;display:none;margin-top:50px}.active-tabs{display:block}.tab .tablinks:after{content:'';display:block;margin:5px auto;height:3px;width:0;transition:width .5s ease,background-color .5s ease}.tab .tablinks:hover:after,.tab li.active-list:after{background:#cc2922;width:40%}@media only screen and (min-width:1200px){.tab .tablinks{font-size:19px}.clobzsales_tabs h2,.appintegration h2{width:87%}}@media only screen and (max-width:1199px){.clobzsales_tabs h2,.appintegration h2{width:95%}}@media only screen and (min-width:768px) and (max-width:991px){.full-width{text-align:center;width:100%!important}}@media only screen and (max-width:810px){.tab{display:block}.tab .tablinks{margin-top:15px;width:100%}}@media only screen and (min-width:501px) and (max-width:810px){.tab .tablinks:hover:after,.tab li.active-list:after{width:15%}}@media only screen and (max-width:767px){.alignCenter-xs{text-align:center}}@media only screen and (max-width:500px){.tab .tablinks:hover:after,.tab li.active-list:after{width:22%}}<\/style>\n<section class=\"salesforce_banner\">\n<div class=\"row row-width\"><div class=\"six columns \"><h2 class=\"header-txt-css\">Augmentez vos ventes avec logiciel d&rsquo;automatisation des ventes dont votre \u00e9quipe a besoin<\/h2>\n<div><a href=\"https:\/\/logixgrid.com\/fr\/contactez-nous\/\" target=\"_blank\" rel=\"noopener noreferrer\"><button class=\"popupaoc-button\" style=\"outline: 0;\">R\u00e9server une d\u00e9mo<\/button><\/a><\/div>\n<\/div><div class=\"six columns \"><p><img decoding=\"async\" class=\"img-responsive\" src=\"\/wp-content\/themes\/tfingi\/images\/salesforce_banner.png\" alt=\"Sales Automation Software\" \/><\/p>\n<\/div>\n<\/div>\n<\/section>\n<section class=\"clobzsales_tabs\">\n<div class=\"row row-width\"><div class=\"twelve columns \"><h2>Comment \u00ab\u00a0Clobz Sales\u00a0\u00bb peut soutenir l&rsquo;automatisation pour augmenter les ventes ?<\/h2>\n<\/div>\n<\/div>\n<div class=\"row row-width\">\n<div>\n<ul class=\"tab\">\n<li class=\"tablinks text-center active-list\" onclick=\"openTab(event,'tabs-1')\">Pr\u00e9sence des employ\u00e9s<\/li>\n<li class=\"tablinks text-center\" onclick=\"openTab(event,'tabs-2')\">Visites clients<\/li>\n<li class=\"tablinks text-center\" onclick=\"openTab(event,'tabs-3')\">Passer des commandes<\/li>\n<li class=\"tablinks text-center\" onclick=\"openTab(event,'tabs-4')\">Soumission des d\u00e9penses<\/li>\n<li class=\"tablinks text-center\" onclick=\"openTab(event,'tabs-5')\">Suivi<\/li>\n<\/ul>\n<div id=\"tabs-1\" class=\"tabContent active-tabs\">\n<div class=\"six full-width alignCenter-xs columns \"><h3><strong>Pr\u00e9sence<\/strong> des employ\u00e9s<\/h3>\n<p>Le logiciel d&rsquo;automatisation des ventes Clobz laisse l&rsquo;\u00e9quipe commerciale avoir la libert\u00e9 de son travail, sur le terrain leur destination peut parfois \u00eatre in\u00e9gale et ind\u00e9finie. Le vendeur ne doit plus se soucier de sa fr\u00e9quentation mais de ses ventes.<\/p>\n<p>Le logiciel d\u2019automatisation des ventes Clobz permet \u00e0 un vendeur de marquer sa pr\u00e9sence de n\u2019importe o\u00f9, ils peuvent commencer leur journ\u00e9e juste avec un seul clic de pr\u00e9sence. Comme c\u2019est facile. Libert\u00e9 totale.<\/p>\n<\/div><div class=\"six full-width columns \"><p>\n<img decoding=\"async\" class=\"img-responsive\" src=\"\/wp-content\/themes\/tfingi\/images\/salesforce_tab1.jpg\" alt=\"\" \/><\/p>\n<\/div>\n<\/div>\n<div id=\"tabs-2\" class=\"tabContent\">\n<div class=\"six full-width alignCenter-xs columns \"><h3><strong>Visites<\/strong> clients<\/h3>\n<p>Clobz Sales am\u00e9liore la capacit\u00e9 de vente sur le terrain. Les probl\u00e8mes habituels lors des visites des clients surviennent en raison de donn\u00e9es erron\u00e9es, d&rsquo;aucune \u00e9tude de march\u00e9, d&rsquo;aucun \u00e9chantillon de produit disponible, limit\u00e9 dans le temps et autres.<\/p>\n<p>Clobz Sales s&rsquo;occupe de tout ce dont un vendeur a besoin sur le terrain et facilite la r\u00e9ussite de la visite et am\u00e9liore les performances de l&rsquo;\u00e9quipe.<\/p>\n<\/div><div class=\"six full-width columns \"><p>\n<img decoding=\"async\" class=\"img-responsive\" src=\"\/wp-content\/themes\/tfingi\/images\/salesforce_tab2.jpg\" alt=\"\" \/><\/p>\n<\/div>\n<\/div>\n<div id=\"tabs-3\" class=\"tabContent\">\n<div class=\"six full-width alignCenter-xs columns \"><h3>Passer des <strong>commandes<\/strong><\/h3>\n<p>Clobz Sales sait exactement comment servir les clients dans le confort et g\u00e9n\u00e9rer des commandes dans des situations critiques. Le vendeur ne devrait pas s&rsquo;inqui\u00e9ter d&rsquo;atteindre l&rsquo;objectif de vente car Clobz Sales est l\u00e0 pour calculer le pourcentage du montant cible et sugg\u00e9rer de gagner l&rsquo;objectif.<\/p>\n<p>Clobz Sales affiche la liste des produits, une grande visibilit\u00e9 de la marque sur le catalogue de produits, g\u00e8re les remises sur les commandes, compare avec les commandes du mois dernier pour chaque produit, calcul des stocks au d\u00e9tail, commentaires des clients, ce qui est logique pour tout savoir sur la g\u00e9n\u00e9ration de commandes.<\/p>\n<\/div><div class=\"six full-width columns \"><p>\n<img decoding=\"async\" class=\"img-responsive\" src=\"\/wp-content\/themes\/tfingi\/images\/salesforce_tab3.jpg\" alt=\"\" \/><\/p>\n<\/div>\n<\/div>\n<div id=\"tabs-4\" class=\"tabContent\">\n<div class=\"six full-width alignCenter-xs columns \"><h3>D\u00e9pense <strong>Soumission<\/strong><\/h3>\n<p>Les employ\u00e9s des ventes devraient avoir le privil\u00e8ge de disposer d&rsquo;un syst\u00e8me capable de maintenir des d\u00e9penses compl\u00e8tes, m\u00eame pas au niveau de la journ\u00e9e, mais au niveau de l&rsquo;activit\u00e9. Un syst\u00e8me capable d&rsquo;envoyer imm\u00e9diatement des notes de frais avec justificatif.<\/p>\n<p>Le logiciel d&rsquo;automatisation des ventes Clobz enregistre toutes les d\u00e9penses effectu\u00e9es par les employ\u00e9s des ventes et permet d&rsquo;envoyer des rapports aux responsables avec une flexibilit\u00e9 temporelle. La d\u00e9pense peut \u00eatre soumise en fonction de chaque visite effectu\u00e9e par un employ\u00e9 des ventes au cours d&rsquo;une journ\u00e9e ou d&rsquo;autres activit\u00e9s.<\/p>\n<\/div><div class=\"six full-width columns \"><p>\n<img decoding=\"async\" class=\"img-responsive\" src=\"\/wp-content\/themes\/tfingi\/images\/salesforce_tab4.jpg\" alt=\"\" \/><\/p>\n<\/div>\n<\/div>\n<div id=\"tabs-5\" class=\"tabContent\">\n<div class=\"six full-width alignCenter-xs columns \"><h3>Suivi<\/h3>\n<p>Lors de l&rsquo;examen de la vente d&rsquo;une entreprise ou de l&rsquo;analyse des performances des ventes, la premi\u00e8re chose \u00e0 faire est de suivre les activit\u00e9s des employ\u00e9s de terrain. Finalement, l&rsquo;analyse n\u00e9cessite un rapport d\u00e9taill\u00e9 \u00e0 ce sujet.<\/p>\n<p>Le logiciel d&rsquo;automatisation des ventes Clobz localise l&#8217;emplacement des activit\u00e9s et des employ\u00e9s des ventes toutes les minutes, affiche les mouvements en direct et affiche m\u00eame l&rsquo;\u00e9tat GPS des appareils mobiles. L&rsquo;\u00e9quipe commerciale peut extraire des rapports excel de suivi en fonction des activit\u00e9s ou des commerciaux.<\/p>\n<\/div><div class=\"six full-width columns \"><p>\n<img decoding=\"async\" class=\"img-responsive\" src=\"\/wp-content\/themes\/tfingi\/images\/salesforce_tab5.jpg\" alt=\"\" \/><\/p>\n<\/div>\n<\/div>\n<\/div>\n<\/div>\n<\/section>\n<p><script>\nfunction openTab(event,currenTab){\nvar i,tabcontent,tablinks;\ntabcontent = document.getElementsByClassName(\"tabContent\");\nfor (i = 0; i < tabcontent.length; i++) {\ntabcontent[i].style.display = \"none\";\n}\ntablinks = document.getElementsByClassName(\"tablinks\");\nfor (i = 0; i < tablinks.length; i++) {\ntablinks[i].className = tablinks[i].className.replace(\" active-list\", \"\");\n}\ndocument.getElementById(currenTab).style.display = \"block\";\nevent.currentTarget.className += \" active-list\";\n}\n<\/script><\/p>\n<section class=\"appintegration\">\n<div class=\"row row-width\"><div class=\"twelve columns \"><h2>Le logiciel d'automatisation des ventes Clobz prend en charge l'int\u00e9gration avec LOGIXGRID<br \/>\nApplications logistiques \/ autre syst\u00e8me existant<\/h2>\n<\/div>\n<\/div>\n<div class=\"row row-width\"><div class=\"eight columns \"><div class=\"notification_bx\">\n<p><img decoding=\"async\" class=\"img-responsive\" src=\"\/wp-content\/themes\/tfingi\/images\/logistics_appintegration.jpg\" alt=\"\" \/><br \/>\n<!--\n\n\n\n\n<h5><strong>Notifications<\/strong><\/h5>\n\n\n\n\n--><\/p>\n<\/div>\n<\/div><div class=\"four columns \"><p>\n<img decoding=\"async\" class=\"img-responsive\" src=\"\/wp-content\/themes\/tfingi\/images\/clobz_salescycle.jpg\" alt=\"\" \/><\/p>\n<\/div>\n<\/div>\n<\/section>\n<section class=\"cobzsalesapp\">\n<div class=\"row row-width\"><div class=\"twelve columns \"><h3><strong>L'application Clobz Sales Automation<\/strong> est disponible sur Android<\/h3>\n<p><img decoding=\"async\" class=\"img-responsive\" src=\"\/wp-content\/themes\/tfingi\/images\/googleplay_btn.png\" alt=\"\" \/><\/p>\n<\/div>\n<\/div>\n<\/section>\n","protected":false},"excerpt":{"rendered":"<p>Pr\u00e9sence des employ\u00e9s Visites clients Passer des commandes Soumission des d\u00e9penses Suivi<\/p>\n","protected":false},"author":1,"featured_media":0,"parent":0,"menu_order":0,"comment_status":"closed","ping_status":"closed","template":"elementor_header_footer","meta":{"content-type":"","_monsterinsights_skip_tracking":false,"_monsterinsights_sitenote_active":false,"_monsterinsights_sitenote_note":"","_monsterinsights_sitenote_category":0,"_uf_show_specific_survey":0,"_uf_disable_surveys":false,"footnotes":""},"class_list":["post-28906","page","type-page","status-publish","hentry"],"aioseo_notices":[],"_links":{"self":[{"href":"https:\/\/logixgrid.com\/fr\/wp-json\/wp\/v2\/pages\/28906","targetHints":{"allow":["GET"]}}],"collection":[{"href":"https:\/\/logixgrid.com\/fr\/wp-json\/wp\/v2\/pages"}],"about":[{"href":"https:\/\/logixgrid.com\/fr\/wp-json\/wp\/v2\/types\/page"}],"author":[{"embeddable":true,"href":"https:\/\/logixgrid.com\/fr\/wp-json\/wp\/v2\/users\/1"}],"replies":[{"embeddable":true,"href":"https:\/\/logixgrid.com\/fr\/wp-json\/wp\/v2\/comments?post=28906"}],"version-history":[{"count":11,"href":"https:\/\/logixgrid.com\/fr\/wp-json\/wp\/v2\/pages\/28906\/revisions"}],"predecessor-version":[{"id":51891,"href":"https:\/\/logixgrid.com\/fr\/wp-json\/wp\/v2\/pages\/28906\/revisions\/51891"}],"wp:attachment":[{"href":"https:\/\/logixgrid.com\/fr\/wp-json\/wp\/v2\/media?parent=28906"}],"curies":[{"name":"wp","href":"https:\/\/api.w.org\/{rel}","templated":true}]}}