{"id":28907,"date":"2019-04-08T12:13:20","date_gmt":"2019-04-08T12:13:20","guid":{"rendered":"https:\/\/logixgrid.com\/tms-for-manufacturers\/"},"modified":"2022-08-01T07:16:03","modified_gmt":"2022-08-01T07:16:03","slug":"tms-pour-les-fabricants","status":"publish","type":"page","link":"https:\/\/logixgrid.com\/fr\/tms-pour-les-fabricants\/","title":{"rendered":"TMS for Manufacturers"},"content":{"rendered":"<style>.break-word{word-break:break-word}.display-flex{display:flex}@media only screen and (min-width:1200px){.solu_execution .solutionsbox{height:315px}}@media only screen and (max-width:1199px){.network_feature .teaser h5{font-size:20px}.application-content .row>.four{padding:0 20px 20px}}@media only screen and (min-width:992px) and (max-width:1199px){.solu_execution .solutionsbox{height:360px}}@media only screen and (max-width:991px){.full-width{width:100%!important}.max-width-400px{float:none!important;margin:40px auto 0;max-width:100%;width:400px}.sm-mbot-40{margin-bottom:40px}.sm-align-center{text-align:center}}@media only screen and (max-width:991px) and (min-width:768px){.sm-mbot-20{margin-bottom:20px}.logistic_dashboard{padding:0 15px}}@media only screen and (min-width:460px){.mt-3px{margin-top:3px}}<\/style>\n<section class=\"erp_banner network_banner\">\n<div class=\"row row-width\">\n<div class=\"seven columns \"><div class=\"net_bannercaption\">\n<h2><strong>Logix.Network &#8211; TMS<\/strong><\/h2>\n<p>Logix.Network est un syst\u00e8me de gestion de transport en ligne le plus simplifi\u00e9 pour les exp\u00e9diteurs\/fabricants pour g\u00e9rer et am\u00e9liorer le flux logistique.<\/p>\n<p>Plateforme pilot\u00e9e par l&rsquo;IA recommand\u00e9e par les principaux fabricants<\/p>\n<p><button class=\"paoc-popup-fr popupaoc-button\">D\u00e9marrer<\/button> <a class=\"network-button network-bordered\" href=\"https:\/\/logixgrid.com\/fr\/contactez-nous\/\">Savoir plus<\/a><\/p>\n<\/div>\n<\/div><div class=\"five columns \"><p><a href=\"https:\/\/logixgrid.com\"><img fetchpriority=\"high\" decoding=\"async\" class=\"img-responsive alignnone\" src=\"\/wp-content\/themes\/tfingi\/images\/network_bannerimg.jpg\" alt=\"Transport Management System - Logix Network TMS\" width=\"464\" height=\"436\"><\/a><\/p>\n<\/div>\n<\/div>\n<\/section>\n<section class=\"tms_streamlines\">\n<div class=\"row row-width\">\n<div class=\"logistic-business_inn\">\n<h2>Un syst\u00e8me de gestion des transports qui rationalise Inbound &amp; Logistique externe<\/h2>\n<div class=\"logistic_dashboard\"><img decoding=\"async\" class=\"img-responsive\" src=\"\/wp-content\/themes\/tfingi\/images\/tms_dashbord.jpg\" alt=\"\"><\/div>\n<\/div>\n<\/div>\n<div class=\"row row-width\"><div class=\"one columns \"><\/div><div class=\"ten columns \"><div class=\"button-group display-flex\"><a class=\"blockbtns \" href=\"#\"><i class=\"icon icon-arrow-left-4 \"><\/i> Comment \u00e7a fonctionne <\/a><a class=\"blockbtns\" href=\"https:\/\/logixgrid.com\/fr\/contactez-nous\/\">Logix.Network <i class=\"icon icon-arrow-right-4 \"><\/i><\/a><\/div>\n<\/div><div class=\"one columns \"><\/div>\n<\/div>\n<\/section>\n<section class=\"application-content network_feature\">\n<div class=\"row row-width\">\n<div class=\"twelve columns \"><h2 class=\"break-word\">Fonctionnalit\u00e9s\/Pourquoi Logix.Network ?<\/h2>\n<\/div>\n<\/div>\n<div class=\"row row-width\">\n<div class=\"four max-width-400px columns \"><p><div class='teaser'><\/p>\n<div class=\"step-icon\"><span class=\"vandor_icon\"> <\/span><\/div>\n<h5>Gestion des retraits<br \/> et r\u00e9partition<\/h5>\n<p>Gestion et attribution des indents Avec un syst\u00e8me de gestion des transports, les fournisseurs sont en mesure d\u2019utiliser des interfaces pour partager des donn\u00e9es et des pr\u00e9dictions AI automatis\u00e9es qui permettent aux utilisateurs d\u2019affaires d\u2019obtenir des d\u00e9tails exacts sur les v\u00e9hicules en fonction des besoins et des rapports d\u2019affaires pr\u00e9cis, l\u2019acc\u00e8s aux donn\u00e9es dans une plateforme num\u00e9rique unifi\u00e9e.<\/p>\n<p><\/div><\/p>\n<\/div><div class=\"four max-width-400px columns \"><p><div class='teaser'><\/p>\n<div class=\"step-icon\"><span class=\"livetracking_icon\"> <\/span><\/div>\n<h5>Suivi en direct de <br \/>tous les envois<\/h5>\n<p>Le suivi en direct des conteneurs ou des exp\u00e9ditions avec tous les \u00e9v\u00e9nements logistiques peut \u00eatre suivi \u00e0 partir d&rsquo;un seul \u00e9cran. Logix Transport Management System est pr\u00eat \u00e0 s&rsquo;int\u00e9grer \u00e0 plusieurs soci\u00e9t\u00e9s d&rsquo;exp\u00e9dition et de logistique.<\/p>\n<p><\/div><\/p>\n<\/div><div class=\"four max-width-400px columns \"><p><div class='teaser'><\/p>\n<div class=\"step-icon\"><span class=\"vanderuser_icon\"> <\/span><\/div>\n<h5>Facturation du transporteur <br \/>et validation des factures<\/h5>\n<p>Une fois que les transporteurs ou les fournisseurs peuvent g\u00e9n\u00e9rer des factures et les soumettre aux exp\u00e9diteurs, l&rsquo;exp\u00e9diteur peut concevoir lui-m\u00eame le flux de travail pour ex\u00e9cuter ces factures et modifier le statut. En plus de cela, contre chaque facture, les exp\u00e9diteurs peuvent faire des commentaires en direct.<\/p>\n<p><\/div><\/p>\n<\/div>\n<\/div>\n<div class=\"row row-width\"><div class=\"four max-width-400px columns \"><p><div class='teaser'><\/p>\n<div class=\"step-icon\"><span class=\"vehiclemanage_icon\"> <\/span><\/div>\n<h5>Gestion des tarifs, <br \/>retenues et transits<\/h5>\n<p>Le syst\u00e8me de gestion du transport Logix peut r\u00e9cup\u00e9rer les tarifs de fret en s&rsquo;int\u00e9grant au syst\u00e8me de facturation existant ou le syst\u00e8me peut avoir ses contrats tarifaires pour calculer automatiquement le montant du fret, le syst\u00e8me d\u00e9tecte automatiquement le lieu de livraison et l&rsquo;heure pour calculer le montant exact de la d\u00e9tention et du transit.<\/p>\n<p><\/div><\/p>\n<\/div><div class=\"four max-width-400px columns \"><p><div class='teaser'><\/p>\n<div class=\"step-icon\"><span class=\"loadoptimize_icon\"> <\/span><\/div>\n<h5>Optimisation de la charge <br \/>et utilisation du v\u00e9hicule<\/h5>\n<p>Avec un syst\u00e8me de gestion des transports, les exp\u00e9diteurs peuvent t\u00e9l\u00e9charger des donn\u00e9es d&rsquo;exp\u00e9dition quotidiennes et, sur la base de ce syst\u00e8me, peuvent pr\u00e9visualiser l&rsquo;affectation des v\u00e9hicules pour ce trajet de livraison, ce qui donne une pr\u00e9cision de 92\u00a0% du chargement et de l&rsquo;utilisation des v\u00e9hicules.<\/p>\n<p><\/div><\/p>\n<\/div><div class=\"four max-width-400px sm-mbot-40 columns \"><p><div class='teaser'><\/p>\n<div class=\"step-icon\"><span class=\"managevehicles_icon\"> <\/span><\/div>\n<h5>Surveillance, syst\u00e8me <br \/>d&rsquo;alerte et analyse<\/h5>\n<p>Le syst\u00e8me peut d\u00e9clencher une alerte sur divers \u00e9v\u00e9nements tels que le retard du v\u00e9hicule, la disponibilit\u00e9 ou la livraison r\u00e9ussie, le syst\u00e8me d&rsquo;alerte peut \u00eatre personnalis\u00e9 par les utilisateurs eux-m\u00eames. <span style=\"font-weight: 400;\">Tableaux de bord KPI configurables et tableaux de bord de gestion. <\/span><span style=\"font-weight: 400;\">Analyses avanc\u00e9es bas\u00e9es sur l&rsquo;IA fournissant des analyses pr\u00e9dictives.<\/span><\/p>\n<p><\/div><\/p>\n<\/div>\n<\/div>\n<\/section>\n<section class=\"konnect_app networkapp\">\n<div class=\"row row-width\"><div class=\"six full-width sm-mbot-20 columns \"><p><img decoding=\"async\" class=\"img-responsive\" src=\"\/wp-content\/themes\/tfingi\/images\/easytracking.png\" alt=\"\"><\/p>\n<\/div><div class=\"six full-width sm-align-center columns \"><h4>Suivi facile de tout v\u00e9hicule tout au long du trajet \u00e0 l&rsquo;aide du t\u00e9l\u00e9-r\u00e9seau, quel que soit le fournisseur de services r\u00e9seau ou le fournisseur de services de localisation pr\u00e9-int\u00e9gr\u00e9, ou \u00e0 l&rsquo;aide de l&rsquo;application de suivi Logix Network via sa position GPS.<\/h4>\n<p><button class=\"paoc-popup-fr popupaoc-button\">D\u00e9marrer<\/button> <a class=\"network-button network-bordered mt-3px\" href=\"https:\/\/logixgrid.com\/fr\/contactez-nous\/\">Savoir plus<\/a><\/p>\n<\/div>\n<\/div>\n<\/section>\n<section class=\"solu_execution\">\n<div class=\"row row-width\">\n<div class=\"six full-width columns \"><h4>Unique et<br \/>\nsolution personnalisable<\/h4>\n<div class=\"solutionsbox\">\n<div class='teaser'><\/p>\n<p class=\"horizontal\"><span class=\"round \"><img decoding=\"async\" src=\"\/wp-content\/themes\/tfingi\/images\/icondesign.png\" alt=\"\"><\/span><\/p>\n<p>Conception sp\u00e9cifique et syst\u00e8me bas\u00e9 sur l&rsquo;IA avec plus d&rsquo;un an d&rsquo;enqu\u00eate. <strong>100+\u00a0rapports et auto-conception<\/strong> <strong>outil de cr\u00e9ation de rapports<\/strong><\/p>\n<p><\/div><\/p>\n<hr>\n<p><div class='teaser'><\/p>\n<p class=\"horizontal\"><span class=\"round solblue\"><img decoding=\"async\" src=\"\/wp-content\/themes\/tfingi\/images\/iconcustomize.png\" alt=\"\"><\/span><\/p>\n<p>Les flux de processus sont con\u00e7us pour r\u00e9pondre \u00e0 diff\u00e9rentes exigences et personnalisables en cons\u00e9quence. <strong>Concevoir le flux de travail\/processus selon les activit\u00e9s op\u00e9rationnelles<\/strong><\/p>\n<p><\/div>\n<\/p><\/div>\n<\/div><div class=\"six full-width columns \"><h4>Enti\u00e8rement int\u00e9gr\u00e9 de la<br \/>\nplanification \u00e0 l&rsquo;ex\u00e9cution<\/h4>\n<div class=\"solutionsbox\">\n<div class='teaser'><\/p>\n<p class=\"horizontal\"><span class=\"round solblue\"><img decoding=\"async\" src=\"\/wp-content\/themes\/tfingi\/images\/iconexecution.png\" alt=\"\"><\/span><\/p>\n<p>Fonctionnalit\u00e9s compl\u00e8tes pour la planification et l&rsquo;ex\u00e9cution. <strong>Pr\u00e9-int\u00e9gr\u00e9 avec les fournisseurs de GPS, plus de 300\u00a0transporteurs<\/strong>  <\/div><\/p>\n<hr>\n<p><div class='teaser'><\/p>\n<p class=\"horizontal\"><span class=\"round \"><img decoding=\"async\" src=\"\/wp-content\/themes\/tfingi\/images\/icontechnical.png\" alt=\"\"><\/span><\/p>\n<p>Services de soutien au niveau technique et op\u00e9rationnel. <strong>Assistance 24h\/24 et 7j\/7 sur plusieurs canaux<\/strong><\/div>\n<\/div>\n<\/div>\n<\/div>\n<\/section>\n<section class=\"network_solution\">\n<div class=\"row row-width\">\n<div class=\"three columns \"><p><div class='teaser'><\/p>\n<div class=\"step-icon\"><span class=\"linking_icon\"> <\/span><\/div>\n<h5>3PL + 4PL<br \/>\nInterconnexion<\/h5>\n<p><\/div><\/p>\n<\/div><div class=\"three columns \"><p><div class='teaser'><\/p>\n<div class=\"step-icon\"><span class=\"sap_icon\"> <\/span><\/div>\n<h5>SAP\/Autre<br \/>\nInt\u00e9gration ERP<\/h5>\n<p><\/div><\/p>\n<\/div><div class=\"three columns \"><p><div class='teaser'><\/p>\n<div class=\"step-icon\"><span class=\"solution_icon\"> <\/span><\/div>\n<h5>Solution<br \/>\nPlus de 80 clients<\/h5>\n<p><\/div><\/p>\n<\/div><div class=\"three columns \"><p><div class='teaser'><\/p>\n<div class=\"step-icon\"><span class=\"cloud_icon\"> <\/span><\/div>\n<h5>Plateforme infonuagique<br \/>\nApplication mobile<\/h5>\n<p><\/div><\/p>\n<\/div>\n<\/div>\n<\/section>\n","protected":false},"excerpt":{"rendered":"<p>Un syst\u00e8me de gestion des transports qui rationalise Inbound &amp; Logistique externe<\/p>\n","protected":false},"author":1,"featured_media":0,"parent":0,"menu_order":0,"comment_status":"closed","ping_status":"closed","template":"elementor_header_footer","meta":{"content-type":"","_monsterinsights_skip_tracking":false,"_monsterinsights_sitenote_active":false,"_monsterinsights_sitenote_note":"","_monsterinsights_sitenote_category":0,"_uf_show_specific_survey":0,"_uf_disable_surveys":false,"footnotes":""},"class_list":["post-28907","page","type-page","status-publish","hentry"],"aioseo_notices":[],"_links":{"self":[{"href":"https:\/\/logixgrid.com\/fr\/wp-json\/wp\/v2\/pages\/28907","targetHints":{"allow":["GET"]}}],"collection":[{"href":"https:\/\/logixgrid.com\/fr\/wp-json\/wp\/v2\/pages"}],"about":[{"href":"https:\/\/logixgrid.com\/fr\/wp-json\/wp\/v2\/types\/page"}],"author":[{"embeddable":true,"href":"https:\/\/logixgrid.com\/fr\/wp-json\/wp\/v2\/users\/1"}],"replies":[{"embeddable":true,"href":"https:\/\/logixgrid.com\/fr\/wp-json\/wp\/v2\/comments?post=28907"}],"version-history":[{"count":16,"href":"https:\/\/logixgrid.com\/fr\/wp-json\/wp\/v2\/pages\/28907\/revisions"}],"predecessor-version":[{"id":30873,"href":"https:\/\/logixgrid.com\/fr\/wp-json\/wp\/v2\/pages\/28907\/revisions\/30873"}],"wp:attachment":[{"href":"https:\/\/logixgrid.com\/fr\/wp-json\/wp\/v2\/media?parent=28907"}],"curies":[{"name":"wp","href":"https:\/\/api.w.org\/{rel}","templated":true}]}}