{"id":28912,"date":"2018-05-05T08:00:39","date_gmt":"2018-05-05T08:00:39","guid":{"rendered":"https:\/\/logixgrid.com\/testimonials\/"},"modified":"2022-02-23T11:21:09","modified_gmt":"2022-02-23T11:21:09","slug":"temoignages","status":"publish","type":"page","link":"https:\/\/logixgrid.com\/fr\/temoignages\/","title":{"rendered":"Testimonials"},"content":{"rendered":"<style>\n.entry-content .row{width:100%}.mt-40px{margin-top:40px}.mb-40{margin-bottom:40px}@media only screen and (min-width:992px){.mt-150px{margin-top:150px}.mt-110px{margin-top:110px}.mt-100px{margin-top:100px}.mt-75px{margin-top:75px}.mt-20px{margin-top:20px}}@media only screen and (max-width:991px){.mtop-40{margin-top:40px}.flex-wrap{display:flex;flex-wrap:wrap-reverse}.full-width{margin-left:auto;margin-right:auto;padding:0}.promobox{margin-bottom:0}}@media only screen and (min-width:768px) and (max-width:991px){.full-width{width:100%!important}}@media only screen and (max-width:550px){.promobox-icon,.promobox-content{margin-top:0;text-align:center;width:100%!important}}<\/style>\n<section>\n<div class=\"twelve columns mt-40px\">\n<div><img decoding=\"async\" src=\"https:\/\/logixgrid.com\/wp-content\/uploads\/2018\/05\/Client-Testimonials-1-3.jpg\" alt=\"Client Testimonials\" width=\"100%\" class=\"aligncenter size-full wp-image-22656\" srcset=\"https:\/\/logixgrid.com\/wp-content\/uploads\/2018\/05\/Client-Testimonials-1-3.jpg 1399w, https:\/\/logixgrid.com\/wp-content\/uploads\/2018\/05\/Client-Testimonials-1-3-300x77.jpg 300w, https:\/\/logixgrid.com\/wp-content\/uploads\/2018\/05\/Client-Testimonials-1-3-768x197.jpg 768w, https:\/\/logixgrid.com\/wp-content\/uploads\/2018\/05\/Client-Testimonials-1-3-1024x263.jpg 1024w, https:\/\/logixgrid.com\/wp-content\/uploads\/2018\/05\/Client-Testimonials-1-3-500x128.jpg 500w, https:\/\/logixgrid.com\/wp-content\/uploads\/2018\/05\/Client-Testimonials-1-3-920x236.jpg 920w\" sizes=\"(max-width: 1399px) 100vw, 1399px\" \/><\/div>\n<\/div>\n<\/section>\n<section>\n<div class=\"twelve columns mt-100px mtop-40\">\n<div class=\"row-layout\">\n<div class=\"six columns full-width mt-150px\">\n<img decoding=\"async\" class=\"size-full wp-image-22654 aligncenter\" src=\"https:\/\/logixgrid.com\/wp-content\/uploads\/2018\/05\/blue-sky-express.png\" alt=\"Bluesky Express Logo\" width=\"300\">\n<\/div>\n<div class=\"six columns full-width mtop-40\">\n<div class='promobox withicon radius bg-light' ><p class='promobox-icon'><span class='ilink very-large '  ><i class='icon icon-chat '  ><\/i> <\/span><\/p><div class='promobox-content'>\n<div><em><q>Le LogixERP est con\u00e7u pour la gestion logistique qui a besoin d&rsquo;un &amp; syst\u00e8me de gestion de courrier pr\u00e9cis combin\u00e9 \u00e0 un syst\u00e8me de comptabilit\u00e9 enti\u00e8rement int\u00e9gr\u00e9. G\u00e9n\u00e9rez les documents requis tels que les factures de transport a\u00e9rien, les factures. Action rapide de l&rsquo;\u00e9quipe d&rsquo;assistance. Le principal avantage, il peut int\u00e9grer nos processus tels que les op\u00e9rations, le commerce et la comptabilit\u00e9 sous une seule plate-forme.<\/q> <\/em><\/div>\n<p><em>Bluesky Express<br \/>\nSalem AlDuwilah (Founder &amp; CEO)<\/em><\/p>\n<p> <\/div><\/div>\n<\/p><\/div>\n<\/div>\n<\/div>\n<\/section>\n<section>\n<div class=\"twelve columns mt-40px\">\n<div class=\"row-layout flex-wrap\">\n<div class=\"six columns full-width mtop-40\">\n<div class='promobox withicon radius bg-light' ><p class='promobox-icon'><span class='ilink very-large '  ><i class='icon icon-chat '  ><\/i> <\/span><\/p><div class='promobox-content'>\n<div><em><q>La tour de contr\u00f4le nous a aid\u00e9s \u00e0 mieux servir notre client Yamaha Motors. Des informations qui autrement nous prendraient des heures voire des jours \u00e0 calculer sont d\u00e9sormais accessibles en un clic. La disponibilit\u00e9 imm\u00e9diate des informations pour toutes les parties prenantes a r\u00e9duit les appels d&rsquo;assistance.<\/q><\/em><\/div>\n<p><em>HKX Logistics<br \/>\nNikhil Bami ( Founder &amp; Ceo)<\/em><\/p>\n<\/div><\/div>\n<\/p><\/div>\n<div class=\"six columns full-width mt-100px\">\n<img decoding=\"async\" class=\"size-full wp-image-22654 aligncenter\" src=\"https:\/\/logixgrid.com\/wp-content\/uploads\/2018\/05\/HKX-logo.png\" alt=\"HKX Logo\" width=\"190\">\n<\/div>\n<\/div>\n<\/div>\n<\/section>\n<section>\n<div class=\"twelve columns mt-40px\">\n<div class=\"row-layout\">\n<div class=\"six columns full-width mt-75px\">\n<img decoding=\"async\" class=\"wp-image-22650 aligncenter\" src=\"https:\/\/logixgrid.com\/wp-content\/uploads\/2018\/05\/SCM_Logo.png\" alt=\"SCM logo\" width=\"220\" srcset=\"https:\/\/logixgrid.com\/wp-content\/uploads\/2018\/05\/SCM_Logo.png 819w, https:\/\/logixgrid.com\/wp-content\/uploads\/2018\/05\/SCM_Logo-300x102.png 300w, https:\/\/logixgrid.com\/wp-content\/uploads\/2018\/05\/SCM_Logo-768x261.png 768w, https:\/\/logixgrid.com\/wp-content\/uploads\/2018\/05\/SCM_Logo-500x170.png 500w\" sizes=\"(max-width: 819px) 100vw, 819px\" \/>\n<\/div>\n<div class=\"six columns full-width mtop-40\">\n<div class='promobox withicon radius bg-light' ><p class='promobox-icon'><span class='ilink very-large '  ><i class='icon icon-chat '  ><\/i> <\/span><\/p><div class='promobox-content'>\n<div><em><q>En utilisant logixERP, nous avons pu rationaliser les probl\u00e8mes auxquels nous \u00e9tions confront\u00e9s, notre principal d\u00e9fi \u00e9tait d&rsquo;affecter les livreurs \u00e0 la bonne destination qui a \u00e9t\u00e9 parfaitement r\u00e9solue, la productivit\u00e9 des livreurs a augment\u00e9.<\/q><\/em><\/div>\n<p><em>RN Logistics<br \/>\nRakesh Sharma (Founder &amp; Ceo)<\/em><\/p>\n<\/div><\/div>\n<\/p><\/div>\n<\/div>\n<\/div>\n<\/section>\n<section>\n<div class=\"twelve columns mt-40px\">\n<div class=\"row-layout flex-wrap\">\n<div class=\"six columns full-width mtop-40\">\n<div class='promobox withicon radius bg-light' ><p class='promobox-icon'><span class='ilink very-large '  ><i class='icon icon-chat '  ><\/i> <\/span><\/p><div class='promobox-content'>\n<div><em><q>Nous utilisons LogixERP dans notre usine de fabrication pour g\u00e9rer plusieurs entrep\u00f4ts, maintenant nous pouvons facilement g\u00e9rer les stocks de retour dans le syst\u00e8me et surveiller d&rsquo;autres entrep\u00f4ts. L&rsquo;application mobile int\u00e9gr\u00e9e pour num\u00e9riser, num\u00e9riser les mat\u00e9riaux et planifier la livraison de chaque envoi s&rsquo;est av\u00e9r\u00e9e ph\u00e9nom\u00e9nale. Les travailleurs peuvent d\u00e9sormais facilement affecter des stocks pour la livraison et cr\u00e9er un manifeste automatique. L&rsquo;utilisation d&rsquo;un ordinateur de poche robuste a simplifi\u00e9 l&rsquo;ensemble du programme en douceur.<\/q><\/em><\/div>\n<p><em> Highly Electrical Appliance India Pvt. Ltd<br \/>\nParvej Mansuri (IT Team)<\/em><\/p>\n<\/div><\/div>\n<\/p><\/div>\n<div class=\"six columns full-width mt-150px\">\n<img decoding=\"async\" class=\"wp-image-22653 aligncenter\" src=\"https:\/\/logixgrid.com\/wp-content\/uploads\/2018\/05\/highly.png.jpg\" alt=\"Highly\" width=\"300\">\n<\/div>\n<\/div>\n<\/div>\n<\/section>\n<section>\n<div class=\"twelve columns mt-40px\">\n<div class=\"row-layout\">\n<div class=\"six columns full-width mt-20px\">\n<img decoding=\"async\" class=\"aligncenter size-full wp-image-22655\" src=\"https:\/\/logixgrid.com\/wp-content\/uploads\/2018\/05\/viewsystemimages.inc_.png\" alt=\"ADS Logo\" width=\"200\">\n<\/div>\n<div class=\"six columns full-width mtop-40\">\n<div class='promobox withicon radius bg-light' ><p class='promobox-icon'><span class='ilink very-large '  ><i class='icon icon-chat '  ><\/i> <\/span><\/p><div class='promobox-content'>\n<div><em><q>Superbe service de Logixteam, non seulement ils comprennent l&rsquo;entreprise mais aussi l&rsquo;urgence de toutes les exigences. \u00c9quipe fantastique, en particulier dans les suivis et le soutien. Aucun regret de travailler avec eux.<\/q><\/em><\/div>\n<p><em> ADS International<br \/>\nRyan Cho (Founder &amp; Ceo)<\/em><\/p>\n<\/div><\/div>\n<\/p><\/div>\n<\/div>\n<\/div>\n<\/section>\n<section>\n<div class=\"twelve columns mt-40px\">\n<div class=\"row-layout flex-wrap\">\n<div class=\"six columns full-width mtop-40\">\n<div class='promobox withicon radius bg-light' ><p class='promobox-icon'><span class='ilink very-large '  ><i class='icon icon-chat '  ><\/i> <\/span><\/p><div class='promobox-content'>\n<div><em><q>L&rsquo;inscription \u00e0 LogixGRID au cours des derniers mois est en train de changer la donne pour nous. Avec l&rsquo;automatisation de la plupart de nos processus commerciaux, nous constatons de grands progr\u00e8s dans notre efficacit\u00e9 op\u00e9rationnelle. Le d\u00e9veloppement de notre application mobile <q>Eagle Courier<\/q> a permis d&rsquo;am\u00e9liorer la satisfaction des clients. Nous sommes certains que la d\u00e9cision d&rsquo;opter pour LogixGRID aura un impact consid\u00e9rable sur nos r\u00e9sultats et nous sommes heureux d&rsquo;\u00eatre \u00e0 bord d&rsquo;une solution de classe mondiale comme celle-ci.<\/q><\/em><\/div>\n<p><em> Eagle Express Limited, Ghana<br \/>\nHenry T-M. Doku (Founder &amp; CEO)<\/em><\/p>\n<\/div><\/div>\n<\/p><\/div>\n<div class=\"six columns full-width mt-110px\">\n<img decoding=\"async\" class=\"aligncenter wp-image-2322 size-full\" src=\"https:\/\/logixgrid.com\/wp-content\/uploads\/2019\/05\/123.jpg?_t=1557116429\" alt=\"Eagle Express Logo\" width=\"250\">\n<\/div>\n<\/div>\n<\/div>\n<\/section>\n<section>\n<div class=\"twelve columns mt-40px mb-40\">\n<div class=\"row-layout\">\n<div class=\"six columns full-width mt-110px\">\n<img decoding=\"async\" class=\"aligncenter size-medium wp-image-22676\" src=\"https:\/\/logixgrid.com\/wp-content\/uploads\/2019\/05\/r2s-logo-300x66.png\" alt=\"R2S Logo\" width=\"300\" srcset=\"https:\/\/logixgrid.com\/wp-content\/uploads\/2019\/05\/r2s-logo-300x66.png 300w, https:\/\/logixgrid.com\/wp-content\/uploads\/2019\/05\/r2s-logo-500x109.png 500w, https:\/\/logixgrid.com\/wp-content\/uploads\/2019\/05\/r2s-logo.png 549w\" sizes=\"(max-width: 300px) 100vw, 300px\" \/>\n<\/div>\n<div class=\"six columns full-width mtop-40\">\n<div class='promobox withicon radius bg-light' ><p class='promobox-icon'><span class='ilink very-large '  ><i class='icon icon-chat '  ><\/i> <\/span><\/p><div class='promobox-content'>\n<div><em><q>La logistique R2S utilise la solution LogixGRID depuis septembre 2016, et nous sommes tr\u00e8s satisfaits de la profondeur et de la port\u00e9e du syst\u00e8me. LogixGRID a r\u00e9pondu \u00e0 nos besoins de <\/span><span style=\"color: #263238;\">support et \u00e0 leurs multiples int\u00e9grations faciles d&rsquo;API E-Com, gestion de la logistique inverse et amp\u00a0; La comptabilit\u00e9 automatis\u00e9e a aid\u00e9 la croissance de notre entreprise \u00e0 atteindre les objectifs de notre projet.<\/q><\/em><\/div>\n<p><em> R2S Logistics<br \/>\nMahdi al Olabi (Founder &amp; Ceo)<\/em><\/p>\n<\/div><\/div>\n<\/p><\/div>\n<\/div>\n<\/div>\n<\/section>\n","protected":false},"excerpt":{"rendered":"","protected":false},"author":1,"featured_media":0,"parent":0,"menu_order":0,"comment_status":"closed","ping_status":"closed","template":"","meta":{"content-type":"","_monsterinsights_skip_tracking":false,"_monsterinsights_sitenote_active":false,"_monsterinsights_sitenote_note":"","_monsterinsights_sitenote_category":0,"_uf_show_specific_survey":0,"_uf_disable_surveys":false,"footnotes":""},"class_list":["post-28912","page","type-page","status-publish","hentry"],"aioseo_notices":[],"_links":{"self":[{"href":"https:\/\/logixgrid.com\/fr\/wp-json\/wp\/v2\/pages\/28912","targetHints":{"allow":["GET"]}}],"collection":[{"href":"https:\/\/logixgrid.com\/fr\/wp-json\/wp\/v2\/pages"}],"about":[{"href":"https:\/\/logixgrid.com\/fr\/wp-json\/wp\/v2\/types\/page"}],"author":[{"embeddable":true,"href":"https:\/\/logixgrid.com\/fr\/wp-json\/wp\/v2\/users\/1"}],"replies":[{"embeddable":true,"href":"https:\/\/logixgrid.com\/fr\/wp-json\/wp\/v2\/comments?post=28912"}],"version-history":[{"count":2,"href":"https:\/\/logixgrid.com\/fr\/wp-json\/wp\/v2\/pages\/28912\/revisions"}],"predecessor-version":[{"id":29121,"href":"https:\/\/logixgrid.com\/fr\/wp-json\/wp\/v2\/pages\/28912\/revisions\/29121"}],"wp:attachment":[{"href":"https:\/\/logixgrid.com\/fr\/wp-json\/wp\/v2\/media?parent=28912"}],"curies":[{"name":"wp","href":"https:\/\/api.w.org\/{rel}","templated":true}]}}