{"id":28913,"date":"2019-06-05T07:53:57","date_gmt":"2019-06-05T07:53:57","guid":{"rendered":"https:\/\/logixgrid.com\/media-center\/"},"modified":"2025-06-10T06:32:23","modified_gmt":"2025-06-10T06:32:23","slug":"centre-des-medias","status":"publish","type":"page","link":"https:\/\/logixgrid.com\/fr\/centre-des-medias\/","title":{"rendered":"Media Center"},"content":{"rendered":"\t\t<div data-elementor-type=\"wp-page\" data-elementor-id=\"28913\" class=\"elementor elementor-28913 elementor-2342\">\n\t\t\t\t\t\t<section class=\"elementor-section elementor-top-section elementor-element elementor-element-ed842f1 elementor-section-boxed elementor-section-height-default elementor-section-height-default\" data-id=\"ed842f1\" data-element_type=\"section\">\n\t\t\t\t\t\t<div class=\"elementor-container elementor-column-gap-default\">\n\t\t\t\t\t<div class=\"elementor-column elementor-col-100 elementor-top-column elementor-element elementor-element-9e13e14\" data-id=\"9e13e14\" data-element_type=\"column\">\n\t\t\t<div class=\"elementor-widget-wrap elementor-element-populated\">\n\t\t\t\t\t\t<div class=\"elementor-element elementor-element-0c7e42f elementor-widget elementor-widget-text-editor\" data-id=\"0c7e42f\" data-element_type=\"widget\" data-widget_type=\"text-editor.default\">\n\t\t\t\t<div class=\"elementor-widget-container\">\n\t\t\t\t\t\t\t\t\t<style>.elementor-section.elementor-section-boxed>.elementor-container{max-width:1260px}.font-lato,h2,h4{font-family:lato}.media-header{color:#cc2922;font-size:35px;font-weight:400;margin-top:0;padding-top:35px}.media-para{color:#0e0e0e;font-size:19px;line-height:26px;margin-bottom:10px}.media-link{color:#cc2922!important;font-size:19px;font-weight:500}.media-link:hover,.media-link:focus{color:#cc2922!important}.media-link:after{content:\"\\f344\";font-family:dashicons;margin-left:8px;vertical-align:middle}.box-layout{border:1px solid #eee;margin-bottom:29px}.mb-40{margin-bottom:40px}.mt-40{margin-top:40px}.inner-padding{padding:80px}.pa-0{padding:0}.site-content blockquote>p:first-child:before,.site-content blockquote>p:first-child:after{color:#cc2922}.block-quotes{border:0;margin:0;padding:0}@media only screen and (min-width:1200px){.media-para,.media-link{font-size:21px;line-height:28px;padding-left:2px}.inner-padding{padding:120px 80px}}@media only screen and (max-width:991px){.inner-padding{padding:24px 40px}}@media only screen and (min-width:768px) and (max-width:991px){.full-width{width:100%!important}}@media only screen and (max-width:767px){.media-para,.media-link{font-size:17px;line-height:24px}}<\/style>\n\n<section>\n<div class=\"twelve columns\">\n<h2 class=\"media-header text-center\">Centre multim\u00e9dia Logix<\/h2>\n<\/div>\n<\/section><section class=\"font-lato\">\n<div class=\"twelve columns box-layout mt-40 pa-0\">\n<div class=\"four columns full-width pa-0\"><img decoding=\"async\" class=\"size-full wp-image-13913\" src=\"https:\/\/logixgrid.com\/wp-content\/uploads\/2021\/03\/Web-1920-\u2013-28.jpg\" alt=\"Digitize Manufacturing Logistics\" width=\"100%\" height=\"427\" srcset=\"https:\/\/logixgrid.com\/wp-content\/uploads\/2021\/03\/Web-1920-\u2013-28.jpg 768w, https:\/\/logixgrid.com\/wp-content\/uploads\/2021\/03\/Web-1920-\u2013-28-283x300.jpg 283w, https:\/\/logixgrid.com\/wp-content\/uploads\/2021\/03\/Web-1920-\u2013-28-500x531.jpg 500w\" sizes=\"(max-width: 768px) 100vw, 768px\" \/><\/div>\n<div class=\"eight columns full-width inner-padding\">\n<blockquote class=\"block-quotes\">\n<p class=\"media-para\"><a href=\"https:\/\/logixgrid.com\">LogixGRID<\/a> a annonc\u00e9 Logix. R\u00e9seau, un outil num\u00e9rique qui permettra aux responsables d&rsquo;entreprises manufacturi\u00e8res de g\u00e9rer et de surveiller de mani\u00e8re optimale l&rsquo;activit\u00e9 de leur flotte, d&rsquo;effectuer des contr\u00f4les sans tracas et de b\u00e9n\u00e9ficier d&rsquo;autres fonctionnalit\u00e9s pour faciliter la gestion de la logistique.<\/p>\n<\/blockquote>\n<a class=\"media-link\" href=\"https:\/\/www.dqindia.com\/logixgrid-launches-platform-digitize-manufacturing-logistics\/\">Continuer \u00e0 lire<\/a>\n\n<\/div>\n<\/div>\n<\/section>\t\t\t\t\t\t\t\t<\/div>\n\t\t\t\t<\/div>\n\t\t\t\t\t<\/div>\n\t\t<\/div>\n\t\t\t\t\t<\/div>\n\t\t<\/section>\n\t\t\t\t<section class=\"elementor-section elementor-top-section elementor-element elementor-element-d834615 elementor-section-boxed elementor-section-height-default elementor-section-height-default\" data-id=\"d834615\" data-element_type=\"section\">\n\t\t\t\t\t\t<div class=\"elementor-container elementor-column-gap-default\">\n\t\t\t\t\t<div class=\"elementor-column elementor-col-100 elementor-top-column elementor-element elementor-element-6bbb597\" data-id=\"6bbb597\" data-element_type=\"column\">\n\t\t\t<div class=\"elementor-widget-wrap elementor-element-populated\">\n\t\t\t\t\t\t<div class=\"elementor-element elementor-element-0575076 elementor-widget elementor-widget-text-editor\" data-id=\"0575076\" data-element_type=\"widget\" data-widget_type=\"text-editor.default\">\n\t\t\t\t<div class=\"elementor-widget-container\">\n\t\t\t\t\t\t\t\t\t<section class=\"font-lato\"><span data-mce-type=\"bookmark\" style=\"display: inline-block; width: 0px; overflow: hidden; line-height: 0;\" class=\"mce_SELRES_start\">\ufeff<\/span>\n<div class=\"twelve columns box-layout pa-0\">\n<div class=\"four columns full-width pa-0\"><img decoding=\"async\" class=\"size-full wp-image-13914\" src=\"https:\/\/logixgrid.com\/wp-content\/uploads\/2021\/03\/Web-1920-%E2%80%93-29.jpg\" alt=\"Platform To Digitize Logistics\" width=\"100%\" height=\"427\" \/><\/div>\n<div class=\"eight columns full-width inner-padding\">\n<blockquote class=\"block-quotes\">\n<p class=\"media-para\"><a href=\"https:\/\/logixgrid.com\/fr\/tms-pour-les-fabricants\/\">Logix.Network<\/a> est le premier outil indien qui permet de g\u00e9rer la logistique entrante et sortante de plusieurs unit\u00e9s de production et entrep\u00f4ts. Il s&rsquo;agit d&rsquo;une solution logistique num\u00e9rique qui permet d&rsquo;\u00e9valuer la qualit\u00e9 du fret et de g\u00e9rer les contrats.<\/p>\n<\/blockquote>\n<a class=\"media-link broken_link\" href=\"https:\/\/opportunityindia.franchiseindia.com\/article\/logixgrid-brings-a-platform-to-digitize-the-manufacturing-logistics-logixnetwork-33286\">Continuer \u00e0 lire<\/a>\n\n<\/div>\n<\/div>\n<\/section>\t\t\t\t\t\t\t\t<\/div>\n\t\t\t\t<\/div>\n\t\t\t\t\t<\/div>\n\t\t<\/div>\n\t\t\t\t\t<\/div>\n\t\t<\/section>\n\t\t\t\t<section class=\"elementor-section elementor-top-section elementor-element elementor-element-7495c63 elementor-section-boxed elementor-section-height-default elementor-section-height-default\" data-id=\"7495c63\" data-element_type=\"section\">\n\t\t\t\t\t\t<div class=\"elementor-container elementor-column-gap-default\">\n\t\t\t\t\t<div class=\"elementor-column elementor-col-100 elementor-top-column elementor-element elementor-element-a096e5a\" data-id=\"a096e5a\" data-element_type=\"column\">\n\t\t\t<div class=\"elementor-widget-wrap elementor-element-populated\">\n\t\t\t\t\t\t<div class=\"elementor-element elementor-element-06c849a elementor-widget elementor-widget-text-editor\" data-id=\"06c849a\" data-element_type=\"widget\" data-widget_type=\"text-editor.default\">\n\t\t\t\t<div class=\"elementor-widget-container\">\n\t\t\t\t\t\t\t\t\t<section class=\"font-lato\">\n<div class=\"twelve columns box-layout pa-0\">\n<div class=\"four columns full-width pa-0\"><img decoding=\"async\" class=\"size-full wp-image-13915\" src=\"https:\/\/logixgrid.com\/wp-content\/uploads\/2021\/03\/Web-1920-%E2%80%93-30.jpg\" alt=\"Future of Logistics Sector\" width=\"100%\" height=\"815\" \/><\/div>\n<div class=\"eight columns full-width inner-padding\">\n<blockquote class=\"block-quotes\">\n<p class=\"media-para\">Avec l\u2019aide de AI, les constructeurs peuvent maintenant faire passer leur mod\u00e8le d\u2019exploitation d\u2019actions r\u00e9actives \u00e0 un paradigme proactif et pr\u00e9dictif, qui g\u00e9n\u00e9rera de meilleures informations \u00e0 des co\u00fbts favorables dans la gestion des v\u00e9hicules.<\/p>\n<\/blockquote>\n<a class=\"media-link\" href=\"https:\/\/content.timesjobs.com\/how-big-data-ai-will-transform-the-future-of-the-logistics-sector-find-here\/articleshow\/69594078.cms\">Continuer \u00e0 lire<\/a>\n\n<\/div>\n<\/div>\n<\/section>\t\t\t\t\t\t\t\t<\/div>\n\t\t\t\t<\/div>\n\t\t\t\t\t<\/div>\n\t\t<\/div>\n\t\t\t\t\t<\/div>\n\t\t<\/section>\n\t\t\t\t<section class=\"elementor-section elementor-top-section elementor-element elementor-element-9876a07 elementor-section-boxed elementor-section-height-default elementor-section-height-default\" data-id=\"9876a07\" data-element_type=\"section\">\n\t\t\t\t\t\t<div class=\"elementor-container elementor-column-gap-default\">\n\t\t\t\t\t<div class=\"elementor-column elementor-col-100 elementor-top-column elementor-element elementor-element-7fe2c5c\" data-id=\"7fe2c5c\" data-element_type=\"column\">\n\t\t\t<div class=\"elementor-widget-wrap elementor-element-populated\">\n\t\t\t\t\t\t<div class=\"elementor-element elementor-element-f6a6282 elementor-widget elementor-widget-text-editor\" data-id=\"f6a6282\" data-element_type=\"widget\" data-widget_type=\"text-editor.default\">\n\t\t\t\t<div class=\"elementor-widget-container\">\n\t\t\t\t\t\t\t\t\t<section class=\"font-lato\">\n<div class=\"twelve columns box-layout pa-0 mb-40\">\n<div class=\"four columns full-width pa-0\"><img decoding=\"async\" class=\"size-full wp-image-13916\" src=\"https:\/\/logixgrid.com\/wp-content\/uploads\/2021\/03\/Web-1920-%E2%80%93-31.jpg\" alt=\"5G Technology for UAE\" width=\"100%\" height=\"427\" \/><\/div>\n<div class=\"eight columns full-width inner-padding\">\n<blockquote class=\"block-quotes\">\n<p class=\"media-para\">Logix Grid, qui \u00e9largit r\u00e9cemment ses activit\u00e9s aux \u00c9mirats arabes unis et en Arabie saoudite, a d\u00e9clar\u00e9 que la 5G changera la fa\u00e7on dont nous suivons nos commandes, g\u00e9rons nos op\u00e9rations et bien plus encore. Le fondateur et directeur, Gurcharan Singh a dit.<\/p>\n<\/blockquote>\n<a class=\"media-link broken_link\" href=\"https:\/\/www.businessliveme.com\/5g-ushering-new-era-businesses-uae\/\">Continuer \u00e0 lire<\/a>\n\n<\/div>\n<\/div>\n<\/section>\t\t\t\t\t\t\t\t<\/div>\n\t\t\t\t<\/div>\n\t\t\t\t\t<\/div>\n\t\t<\/div>\n\t\t\t\t\t<\/div>\n\t\t<\/section>\n\t\t\t\t<\/div>\n\t\t","protected":false},"excerpt":{"rendered":"<p>Centre multim\u00e9dia Logix LogixGRID a annonc\u00e9 Logix. R\u00e9seau, un outil num\u00e9rique qui permettra aux responsables d&rsquo;entreprises manufacturi\u00e8res de g\u00e9rer et de surveiller de mani\u00e8re optimale l&rsquo;activit\u00e9 de leur flotte, d&rsquo;effectuer des contr\u00f4les sans tracas et de b\u00e9n\u00e9ficier d&rsquo;autres fonctionnalit\u00e9s pour faciliter la gestion de la logistique. Continuer \u00e0 lire \ufeff Logix.Network est le premier outil [&hellip;]<\/p>\n","protected":false},"author":1,"featured_media":0,"parent":0,"menu_order":0,"comment_status":"closed","ping_status":"closed","template":"","meta":{"content-type":"","_monsterinsights_skip_tracking":false,"_monsterinsights_sitenote_active":false,"_monsterinsights_sitenote_note":"","_monsterinsights_sitenote_category":0,"_uf_show_specific_survey":0,"_uf_disable_surveys":false,"footnotes":""},"class_list":["post-28913","page","type-page","status-publish","hentry"],"aioseo_notices":[],"_links":{"self":[{"href":"https:\/\/logixgrid.com\/fr\/wp-json\/wp\/v2\/pages\/28913","targetHints":{"allow":["GET"]}}],"collection":[{"href":"https:\/\/logixgrid.com\/fr\/wp-json\/wp\/v2\/pages"}],"about":[{"href":"https:\/\/logixgrid.com\/fr\/wp-json\/wp\/v2\/types\/page"}],"author":[{"embeddable":true,"href":"https:\/\/logixgrid.com\/fr\/wp-json\/wp\/v2\/users\/1"}],"replies":[{"embeddable":true,"href":"https:\/\/logixgrid.com\/fr\/wp-json\/wp\/v2\/comments?post=28913"}],"version-history":[{"count":18,"href":"https:\/\/logixgrid.com\/fr\/wp-json\/wp\/v2\/pages\/28913\/revisions"}],"predecessor-version":[{"id":53936,"href":"https:\/\/logixgrid.com\/fr\/wp-json\/wp\/v2\/pages\/28913\/revisions\/53936"}],"wp:attachment":[{"href":"https:\/\/logixgrid.com\/fr\/wp-json\/wp\/v2\/media?parent=28913"}],"curies":[{"name":"wp","href":"https:\/\/api.w.org\/{rel}","templated":true}]}}