{"id":28915,"date":"2016-07-15T14:00:40","date_gmt":"2016-07-15T14:00:40","guid":{"rendered":"https:\/\/logixgrid.com\/certifications\/"},"modified":"2022-02-22T11:46:01","modified_gmt":"2022-02-22T11:46:01","slug":"certification","status":"publish","type":"page","link":"https:\/\/logixgrid.com\/fr\/certification\/","title":{"rendered":"Certifications"},"content":{"rendered":"<h1 style=\"text-align: center;\">Certifications des prix d\u00e9cern\u00e9s aux clients<\/h1>\n<hr>\n<h3 style=\"text-align: center;\">AEC Transolution Pvt. Ltd. &#8211; Prix d&rsquo;excellence des employ\u00e9s pour le d\u00e9vouement, la diligence,<\/h3>\n<h3 style=\"text-align: center;\"> ma\u00eetrise de la gestion de la logistique \u00e0 l&rsquo;aide de LogixERP<\/h3>\n<h3 style=\"text-align: center;\"><img fetchpriority=\"high\" decoding=\"async\" class=\"wp-image-22484\" src=\"https:\/\/logixgrid.com\/wp-content\/uploads\/2016\/07\/1-300x225.jpg\" alt=\"1\" width=\"410\" height=\"308\" srcset=\"https:\/\/logixgrid.com\/wp-content\/uploads\/2016\/07\/1-300x225.jpg 300w, https:\/\/logixgrid.com\/wp-content\/uploads\/2016\/07\/1-768x576.jpg 768w, https:\/\/logixgrid.com\/wp-content\/uploads\/2016\/07\/1-1024x768.jpg 1024w, https:\/\/logixgrid.com\/wp-content\/uploads\/2016\/07\/1-500x375.jpg 500w, https:\/\/logixgrid.com\/wp-content\/uploads\/2016\/07\/1-920x690.jpg 920w\" sizes=\"(max-width: 410px) 100vw, 410px\" \/><img decoding=\"async\" class=\"wp-image-22485\" src=\"https:\/\/logixgrid.com\/wp-content\/uploads\/2016\/07\/Award-300x225.jpg\" alt=\"Award\" width=\"409\" height=\"307\" srcset=\"https:\/\/logixgrid.com\/wp-content\/uploads\/2016\/07\/Award-300x225.jpg 300w, https:\/\/logixgrid.com\/wp-content\/uploads\/2016\/07\/Award-768x576.jpg 768w, https:\/\/logixgrid.com\/wp-content\/uploads\/2016\/07\/Award-1024x768.jpg 1024w, https:\/\/logixgrid.com\/wp-content\/uploads\/2016\/07\/Award-500x375.jpg 500w, https:\/\/logixgrid.com\/wp-content\/uploads\/2016\/07\/Award-920x690.jpg 920w\" sizes=\"(max-width: 409px) 100vw, 409px\" \/><\/h3>\n<h3 style=\"text-align: center;\">SCMforYou &#8211; Prix d&rsquo;excellence des employ\u00e9s pour le d\u00e9vouement, la diligence et la comp\u00e9tence<\/h3>\n<h3 style=\"text-align: center;\"> tout en g\u00e9rant la logistique avec LogixERP<\/h3>\n<h3 style=\"text-align: center;\"><a href=\"https:\/\/logixgrid.com\/wp-content\/uploads\/2016\/07\/sa-2.jpg\"><img decoding=\"async\" class=\"wp-image-22486 alignnone\" src=\"https:\/\/logixgrid.com\/wp-content\/uploads\/2016\/07\/sa-2-300x169.jpg\" alt=\"sa\" width=\"428\" height=\"240\" srcset=\"https:\/\/logixgrid.com\/wp-content\/uploads\/2016\/07\/sa-2-300x169.jpg 300w, https:\/\/logixgrid.com\/wp-content\/uploads\/2016\/07\/sa-2-768x432.jpg 768w, https:\/\/logixgrid.com\/wp-content\/uploads\/2016\/07\/sa-2-1024x576.jpg 1024w, https:\/\/logixgrid.com\/wp-content\/uploads\/2016\/07\/sa-2-500x281.jpg 500w, https:\/\/logixgrid.com\/wp-content\/uploads\/2016\/07\/sa-2-920x518.jpg 920w\" sizes=\"(max-width: 428px) 100vw, 428px\" \/><\/a><img loading=\"lazy\" decoding=\"async\" class=\"wp-image-22487 alignnone\" src=\"https:\/\/logixgrid.com\/wp-content\/uploads\/2016\/07\/asaasa-1-300x169.jpg\" alt=\"asaasa\" width=\"428\" height=\"241\" srcset=\"https:\/\/logixgrid.com\/wp-content\/uploads\/2016\/07\/asaasa-1-300x169.jpg 300w, https:\/\/logixgrid.com\/wp-content\/uploads\/2016\/07\/asaasa-1-768x432.jpg 768w, https:\/\/logixgrid.com\/wp-content\/uploads\/2016\/07\/asaasa-1-1024x576.jpg 1024w, https:\/\/logixgrid.com\/wp-content\/uploads\/2016\/07\/asaasa-1-500x281.jpg 500w, https:\/\/logixgrid.com\/wp-content\/uploads\/2016\/07\/asaasa-1-920x518.jpg 920w\" sizes=\"(max-width: 428px) 100vw, 428px\" \/><\/h3>\n","protected":false},"excerpt":{"rendered":"<p>Certifications des prix d\u00e9cern\u00e9s aux clients AEC Transolution Pvt. Ltd. &#8211; Prix d&rsquo;excellence des employ\u00e9s pour le d\u00e9vouement, la diligence, ma\u00eetrise de la gestion de la logistique \u00e0 l&rsquo;aide de LogixERP SCMforYou &#8211; Prix d&rsquo;excellence des employ\u00e9s pour le d\u00e9vouement, la diligence et la comp\u00e9tence tout en g\u00e9rant la logistique avec LogixERP<\/p>\n","protected":false},"author":1,"featured_media":0,"parent":0,"menu_order":0,"comment_status":"closed","ping_status":"closed","template":"","meta":{"content-type":"","_monsterinsights_skip_tracking":false,"_monsterinsights_sitenote_active":false,"_monsterinsights_sitenote_note":"","_monsterinsights_sitenote_category":0,"_uf_show_specific_survey":0,"_uf_disable_surveys":false,"footnotes":""},"class_list":["post-28915","page","type-page","status-publish","hentry"],"aioseo_notices":[],"_links":{"self":[{"href":"https:\/\/logixgrid.com\/fr\/wp-json\/wp\/v2\/pages\/28915","targetHints":{"allow":["GET"]}}],"collection":[{"href":"https:\/\/logixgrid.com\/fr\/wp-json\/wp\/v2\/pages"}],"about":[{"href":"https:\/\/logixgrid.com\/fr\/wp-json\/wp\/v2\/types\/page"}],"author":[{"embeddable":true,"href":"https:\/\/logixgrid.com\/fr\/wp-json\/wp\/v2\/users\/1"}],"replies":[{"embeddable":true,"href":"https:\/\/logixgrid.com\/fr\/wp-json\/wp\/v2\/comments?post=28915"}],"version-history":[{"count":3,"href":"https:\/\/logixgrid.com\/fr\/wp-json\/wp\/v2\/pages\/28915\/revisions"}],"predecessor-version":[{"id":29189,"href":"https:\/\/logixgrid.com\/fr\/wp-json\/wp\/v2\/pages\/28915\/revisions\/29189"}],"wp:attachment":[{"href":"https:\/\/logixgrid.com\/fr\/wp-json\/wp\/v2\/media?parent=28915"}],"curies":[{"name":"wp","href":"https:\/\/api.w.org\/{rel}","templated":true}]}}