{"id":29133,"date":"2020-10-10T14:28:47","date_gmt":"2020-10-10T14:28:47","guid":{"rendered":"https:\/\/logixgrid.com\/authorized-resellers\/"},"modified":"2022-03-16T13:59:31","modified_gmt":"2022-03-16T13:59:31","slug":"vendeurs-autorises","status":"publish","type":"page","link":"https:\/\/logixgrid.com\/fr\/vendeurs-autorises\/","title":{"rendered":"Authorized Resellers"},"content":{"rendered":"\t\t<div data-elementor-type=\"wp-page\" data-elementor-id=\"29133\" class=\"elementor elementor-29133 elementor-6378\">\n\t\t\t\t\t\t<section class=\"elementor-section elementor-top-section elementor-element elementor-element-0e77192 elementor-section-boxed elementor-section-height-default elementor-section-height-default\" data-id=\"0e77192\" data-element_type=\"section\">\n\t\t\t\t\t\t<div class=\"elementor-container elementor-column-gap-default\">\n\t\t\t\t\t<div class=\"elementor-column elementor-col-100 elementor-top-column elementor-element elementor-element-6c3ebe4\" data-id=\"6c3ebe4\" data-element_type=\"column\">\n\t\t\t<div class=\"elementor-widget-wrap elementor-element-populated\">\n\t\t\t\t\t\t<div class=\"elementor-element elementor-element-fb80253 elementor-widget elementor-widget-text-editor\" data-id=\"fb80253\" data-element_type=\"widget\" data-widget_type=\"text-editor.default\">\n\t\t\t\t<div class=\"elementor-widget-container\">\n\t\t\t\t\t\t\t\t\t<style>\n.elementor-section.elementor-section-boxed>.elementor-container{max-width:none}.elementor-column-gap-default>.elementor-row>.elementor-column>.elementor-element-populated{padding-bottom:0}.fonts-lato,h2,h4{font-family:lato}.banner-img{background:url(\"https:\/\/logixgrid.com\/wp-content\/uploads\/2021\/05\/Group-15890.png\") center no-repeat;background-size:contain;height:293px}.section1-layout{background:#dce9ea;padding:35px 15px}.partner-icon-css{color:#0e0e0e;font-size:26px;margin-left:15px;text-transform:uppercase;vertical-align:top}.pad-res{padding-top:45px}<\/style>\n\n<section class=\"fonts-lato margin-css\">\n<div class=\"twelve columns section1-layout\">\n<div class=\"row-width text-center\">\n<div class=\"five columns banner-img full-width\"><\/div>\n<div class=\"seven columns full-width pad-res\">\n<div><img decoding=\"async\" class=\"size-full wp-image-8696 logo-res\" src=\"https:\/\/logixgrid.com\/wp-content\/uploads\/2020\/11\/Logix-Partner-Icon.png\" alt=\"Logix Partner Icon\" width=\"45\" height=\"48\" srcset=\"https:\/\/logixgrid.com\/wp-content\/uploads\/2020\/11\/Logix-Partner-Icon.png 299w, https:\/\/logixgrid.com\/wp-content\/uploads\/2020\/11\/Logix-Partner-Icon-279x300.png 279w\" sizes=\"(max-width: 45px) 100vw, 45px\" \/>\n<span class=\"partner-icon-css\">Logix Partenaires<\/span><\/div>\n<h2 class=\"section1-header\">Vendeurs Autoris\u00e9s<\/h2>\n<p class=\"section1-para\">A bord du premier programme SaaS revendeurs autoris\u00e9s \u00e0 gagner pour chaque vente que vous fermez.<\/p>\n\n<\/div>\n<\/div>\n<\/div>\n<\/section>\t\t\t\t\t\t\t\t<\/div>\n\t\t\t\t<\/div>\n\t\t\t\t\t<\/div>\n\t\t<\/div>\n\t\t\t\t\t<\/div>\n\t\t<\/section>\n\t\t\t\t<section class=\"elementor-section elementor-top-section elementor-element elementor-element-0e2ede4 elementor-section-boxed elementor-section-height-default elementor-section-height-default\" data-id=\"0e2ede4\" data-element_type=\"section\">\n\t\t\t\t\t\t<div class=\"elementor-container elementor-column-gap-default\">\n\t\t\t\t\t<div class=\"elementor-column elementor-col-100 elementor-top-column elementor-element elementor-element-44667be\" data-id=\"44667be\" data-element_type=\"column\">\n\t\t\t<div class=\"elementor-widget-wrap elementor-element-populated\">\n\t\t\t\t\t\t<div class=\"elementor-element elementor-element-cdd15b0 elementor-widget elementor-widget-text-editor\" data-id=\"cdd15b0\" data-element_type=\"widget\" data-widget_type=\"text-editor.default\">\n\t\t\t\t<div class=\"elementor-widget-container\">\n\t\t\t\t\t\t\t\t\t<style>.margin-css{margin:-10px -10px 0}.section1-header{color:#446b8f;font-size:35px;font-weight:400;margin-top:24px;text-transform:uppercase}.section2-header,.section3-header,.section4-header{color:#535962;font-size:29px;font-weight:400}.section3-header{color:#fff}.section1-para,.section2-para,.section4-para{color:#0e0e0e;font-size:19px;line-height:26px}.section2-para,.section4-para{padding:5px 29px 0}.section2-subheader{color:#ffc42f;font-size:24px;font-weight:600;padding-bottom:10px}.section2-subpara,.section3-subpara{color:#0e0e0e;font-size:17px;line-height:24px}.section2-box{border:1px solid #ddd;border-radius:10px;padding-bottom:26px}.section2-box:hover{background:#f8f8f8;border:1px solid transparent;transition:.4s ease}.section2-box:hover .section2-subheader{color:#60639a;transition:.4s ease}.section3-layout{background:#5aafbe;padding:15px}.section3-subheader{background:#3a8b9f;border-radius:40px;color:#fff;font-size:19px;font-weight:600;padding:5px 0}.section3-subpara{color:#fff;margin-bottom:0}.section4-box{background:#f8f8f8;border:1px solid #ccc;border-radius:40px;color:#dc7a40;font-size:17px;font-weight:600;padding:10px 15px}.pad-50px{padding-top:50px;padding-bottom:50px}.pad-10px{padding:10px 0}.pt-5{padding-top:5px}.pa-0{padding:0}.top-29px{margin-top:29px}.pb-0{padding-bottom:0!important}.txt-white{color:#fff!important}<\/style>\n\n<section class=\"fonts-lato margin-10px\">\n<div class=\"twelve columns\">\n<div class=\"row-width text-center\">\n<h2 class=\"section2-header pad-10px\">Pourquoi rejoindre le programme Revendeurs agr\u00e9\u00e9s?<\/h2>\n<p class=\"section2-para\">Logix PARTNERS Authorized Resellers Program est un programme d\u2019affiliation B2B mondial de premier plan, qui vous aidera \u00e0 gagner un revenu passif en faisant la promotion de l\u2019une des entreprises connaissant la croissance la plus rapide dans le monde entier.<\/p>\n\n<div class=\"twelve columns flex-display pad-50px\">\n<div class=\"four columns section2-box\">\n<h4 class=\"section2-subheader\">Revenu Passif<\/h4>\n<img decoding=\"async\" class=\"size-medium wp-image-6399 aligncenter\" src=\"https:\/\/logixgrid.com\/wp-content\/uploads\/2020\/10\/Passive-Income-300x300.png\" alt=\"Passive Income\" width=\"95\" height=\"100\" \/>\n<p class=\"section2-subpara pt-5\">Chaque fois que vous apportez un prospect qui est heureux de signer un contrat avec nous, nous sommes deux fois plus heureux de partager une partie de la valeur de la transaction avec vous. Vous \u00eates pay\u00e9 chaque fois que vous embarquez un client et il devient un client payant.<\/p>\n\n<\/div>\n<div class=\"four columns section2-box ma-20\">\n<h4 class=\"section2-subheader\">Paiement \u00e0 Temps<\/h4>\n<img decoding=\"async\" class=\"size-medium wp-image-6401 aligncenter pad-10px\" src=\"https:\/\/logixgrid.com\/wp-content\/uploads\/2020\/10\/On-time-Payment-300x247.png\" alt=\"On time Payment\" width=\"100\" height=\"82\" srcset=\"https:\/\/logixgrid.com\/wp-content\/uploads\/2020\/10\/On-time-Payment-300x247.png 300w, https:\/\/logixgrid.com\/wp-content\/uploads\/2020\/10\/On-time-Payment-500x412.png 500w, https:\/\/logixgrid.com\/wp-content\/uploads\/2020\/10\/On-time-Payment.png 522w\" sizes=\"(max-width: 100px) 100vw, 100px\" \/>\n<p class=\"section2-subpara \">Vous vous occupez simplement de faire conna\u00eetre les plateformes SaaS de LogixGRID et nous laissez le reste. Nous veillerons \u00e0 ce que vous soyez pay\u00e9 \u00e0 temps pour vos prospects et dans votre devise locale, pour votre commodit\u00e9.<\/p>\n\n<\/div>\n<div class=\"four columns section2-box\">\n<h4 class=\"section2-subheader\">La promotion Simplifi\u00e9e<\/h4>\n<img loading=\"lazy\" decoding=\"async\" class=\"size-medium wp-image-6400 aligncenter pad-10px\" src=\"https:\/\/logixgrid.com\/wp-content\/uploads\/2020\/10\/Promotion-made-easy-300x228.png\" alt=\"Promotion made easy\" width=\"100\" height=\"76\" srcset=\"https:\/\/logixgrid.com\/wp-content\/uploads\/2020\/10\/Promotion-made-easy-300x228.png 300w, https:\/\/logixgrid.com\/wp-content\/uploads\/2020\/10\/Promotion-made-easy-500x386.png 500w, https:\/\/logixgrid.com\/wp-content\/uploads\/2020\/10\/Promotion-made-easy.png 507w\" sizes=\"(max-width: 100px) 100vw, 100px\" \/>\n<p class=\"section2-subpara pt-5\">Promouvoir les services n&rsquo;a jamais \u00e9t\u00e9 aussi facile. Tout ce que vous avez \u00e0 faire de votre c\u00f4t\u00e9 est de faire conna\u00eetre au monde nos produits incroyables et nous vous fournirons tout le soutien dont vous avez besoin, pour atteindre des chiffres et r\u00e9ussir, de notre c\u00f4t\u00e9.<\/p>\n\n<\/div>\n<\/div>\n<\/div>\n<\/div>\n<\/section>\t\t\t\t\t\t\t\t<\/div>\n\t\t\t\t<\/div>\n\t\t\t\t\t<\/div>\n\t\t<\/div>\n\t\t\t\t\t<\/div>\n\t\t<\/section>\n\t\t\t\t<section class=\"elementor-section elementor-top-section elementor-element elementor-element-4839438 elementor-section-boxed elementor-section-height-default elementor-section-height-default\" data-id=\"4839438\" data-element_type=\"section\">\n\t\t\t\t\t\t<div class=\"elementor-container elementor-column-gap-default\">\n\t\t\t\t\t<div class=\"elementor-column elementor-col-100 elementor-top-column elementor-element elementor-element-c4e0948\" data-id=\"c4e0948\" data-element_type=\"column\">\n\t\t\t<div class=\"elementor-widget-wrap elementor-element-populated\">\n\t\t\t\t\t\t<div class=\"elementor-element elementor-element-42c3bd9 elementor-widget elementor-widget-text-editor\" data-id=\"42c3bd9\" data-element_type=\"widget\" data-widget_type=\"text-editor.default\">\n\t\t\t\t<div class=\"elementor-widget-container\">\n\t\t\t\t\t\t\t\t\t<style>\n@media only screen and (min-width:1350px){.section1-layout{padding-right:50px}}@media only screen and (min-width:1200px){.section2-header,.section3-header{font-size:31px}.section1-para{font-size:24px;line-height:28px}.partner-icon-css{font-size:29px}.section4-box{font-size:19px}.section2-para,.section4-para{padding:5px 85px 0}.section2-subpara,.section3-subpara{font-size:19px;line-height:28px}.section2-box,.section4-box{width:28%}.steps-icon{width:21%}}@media only screen and (min-width:992px) and (max-width:1199px){.section2-box,.section4-box{width:31%}.steps-icon{width:24%}}@media only screen and (min-width:992px){.flex-display{display:flex;justify-content:center}.ma-20{margin:0 20px}.ma-15{margin:0 15px}}@media only screen and (max-width:991px){.section2-box,.section4-box{float:none!important;margin:auto;max-width:100%;width:400px!important}.ma-20{margin:40px auto!important}.ma-15{margin:29px auto!important}}@media only screen and (min-width:768px) and (max-width:991px){.full-width{width:100%!important}}@media only screen and (max-width:767px){.section2-para,.section4-para{padding:5px 0 0}.section3-subheader{margin:auto;max-width:100%;width:400px}.section3-subpara{padding-bottom:40px}.section1-header{font-size:29px}.section2-header,.section3-header,.section4-header{font-size:26px;line-height:35px}.section1-para,.section2-para,.section4-para{font-size:17px;line-height:24px}}@media only screen and (max-width:450px){.section1-header{text-transform:capitalize}.logo-res{width:40px}.partner-icon-css{font-size:24px}.banner-img{height:200px}}<\/style>\n\n<section class=\"fonts-lato margin-10px\">\n<div class=\"twelve columns section3-layout\">\n<div class=\"row-width text-center\">\n<h2 class=\"section3-header pt-5\">Comment devenir un Partenaire Revendeur Agr\u00e9\u00e9?<\/h2>\n<div class=\"twelve columns flex-display pad-50px\">\n<div class=\"three columns steps-icon\">\n<div class=\"section3-subheader\">\u00c9tape 1<\/div>\n<p class=\"section3-subpara\">Cr\u00e9er un compte et se connecter au <a class=\"txt-white\" href=\"https:\/\/partners.logixplatform.com\/home\">programme de partenariat Logix<\/a><\/p>\n\n<\/div>\n<div class=\"three columns steps-icon\">\n<div class=\"section3-subheader\">\u00c9tape 2<\/div>\n<p class=\"section3-subpara\">Obtenir de l\u2019aide pour la formation et le mat\u00e9riel<\/p>\n\n<\/div>\n<div class=\"three columns steps-icon\">\n<div class=\"section3-subheader\">\u00c9tape 3<\/div>\n<p class=\"section3-subpara\">P\u00e9n\u00e9trer le march\u00e9<\/p>\n\n<\/div>\n<div class=\"three columns steps-icon\">\n<div class=\"section3-subheader\">\u00c9tape 4<\/div>\n<p class=\"section3-subpara pb-0\">Regardez vos revenus g\u00e9n\u00e9rer<\/p>\n\n<\/div>\n<\/div>\n<\/div>\n<\/div>\n<\/section>\t\t\t\t\t\t\t\t<\/div>\n\t\t\t\t<\/div>\n\t\t\t\t\t<\/div>\n\t\t<\/div>\n\t\t\t\t\t<\/div>\n\t\t<\/section>\n\t\t\t\t<section class=\"elementor-section elementor-top-section elementor-element elementor-element-a01eb84 elementor-section-boxed elementor-section-height-default elementor-section-height-default\" data-id=\"a01eb84\" data-element_type=\"section\">\n\t\t\t\t\t\t<div class=\"elementor-container elementor-column-gap-default\">\n\t\t\t\t\t<div class=\"elementor-column elementor-col-100 elementor-top-column elementor-element elementor-element-bae9b8b\" data-id=\"bae9b8b\" data-element_type=\"column\">\n\t\t\t<div class=\"elementor-widget-wrap elementor-element-populated\">\n\t\t\t\t\t\t<div class=\"elementor-element elementor-element-5a560e8 elementor-widget elementor-widget-text-editor\" data-id=\"5a560e8\" data-element_type=\"widget\" data-widget_type=\"text-editor.default\">\n\t\t\t\t<div class=\"elementor-widget-container\">\n\t\t\t\t\t\t\t\t\t<section class=\"fonts-lato\">\n<div class=\"twelve columns\">\n<div class=\"row-width text-center\">\n<h3 class=\"section4-header pad-10px\">Avec LogixGRID, vous ne vendez pas seulement un produit ou un service, vous vendez une exp\u00e9rience !<\/h3>\n<p class=\"section4-para\">LogixGRID vous offre une opportunit\u00e9 unique de gagner de l&rsquo;argent en faisant la promotion de logiciels d&rsquo;entreprise avanc\u00e9s cr\u00e9\u00e9s par une industrie leader de la logistique SaaS. La liste de support comprend, mais sans s&rsquo;y limiter\u00a0:<\/p>\n\n<div class=\"twelve columns pad-50px\">\n<div class=\"twelve columns flex-display pa-0\">\n<div class=\"four columns section4-box\">Connaissance de tous les produits<\/div>\n<div class=\"four columns section4-box ma-15\">Mat\u00e9riel Marketing<\/div>\n<div class=\"four columns section4-box\">Gestionnaire de relation<\/div>\n<\/div>\n<div class=\"twelve columns flex-display top-29px pa-0\">\n<div class=\"four columns section4-box\">Service d&rsquo;assistance  IT<\/div>\n<div class=\"four columns section4-box ma-15\"> Formation produit<\/div>\n<div class=\"four columns section4-box\">Des tonnes de support<\/div>\n<\/div>\n<\/div>\n<\/div>\n<\/div>\n<\/section>\t\t\t\t\t\t\t\t<\/div>\n\t\t\t\t<\/div>\n\t\t\t\t\t<\/div>\n\t\t<\/div>\n\t\t\t\t\t<\/div>\n\t\t<\/section>\n\t\t\t\t<section class=\"elementor-section elementor-top-section elementor-element elementor-element-b85ad6b elementor-section-boxed elementor-section-height-default elementor-section-height-default\" data-id=\"b85ad6b\" data-element_type=\"section\">\n\t\t\t\t\t\t<div class=\"elementor-container elementor-column-gap-default\">\n\t\t\t\t\t<div class=\"elementor-column elementor-col-100 elementor-top-column elementor-element elementor-element-eccb261\" data-id=\"eccb261\" data-element_type=\"column\">\n\t\t\t<div class=\"elementor-widget-wrap elementor-element-populated\">\n\t\t\t\t\t\t<div class=\"elementor-element elementor-element-4fbe563 elementor-widget elementor-widget-text-editor\" data-id=\"4fbe563\" data-element_type=\"widget\" data-widget_type=\"text-editor.default\">\n\t\t\t\t<div class=\"elementor-widget-container\">\n\t\t\t\t\t\t\t\t\t<style>\n.boost-txt-css{color:#0e0e0e;font-size:22px;font-weight:400}.section5-layout{background:#f8f8f8;margin-bottom:-10px;padding:40px 15px}.margin-10px{margin:0 -10px}@media only screen and (min-width:992px){.width-auto,.boost-txt-css{width:auto!important}.flex-item-center{display:flex;align-items:center;justify-content:center}.boost-txt-css{line-height:1.3}}@media only screen and (min-width:768px) and (max-width:1199px){.boost-txt-css{font-size:21px}}@media only screen and (max-width:991px){.started-button{margin-top:20px}}@media only screen and (max-width:767px){.started-button{padding:15px 28px}}<\/style>\n\n<section class=\"fonts-lato margin-10px\">\n<div class=\"row-width text-center \">\n<div class=\"twelve columns flex-item-center section5-layout\">\n<div class=\"nine columns boost-txt-css full-width\">Rejoignez-nous aujourd&rsquo;hui et faites partie de quelque chose d&rsquo;excitant &#038; incroyable et gagne gros<\/div>\n<div class=\"three columns width-auto full-width\"><a class=\"paoc-popup-fr\" target=\"_self\"><button class=\"popupaoc-button started-button\">D\u00e9marrer<\/button><\/a><\/div>\n<\/div>\n<\/div>\n<\/section>\t\t\t\t\t\t\t\t<\/div>\n\t\t\t\t<\/div>\n\t\t\t\t\t<\/div>\n\t\t<\/div>\n\t\t\t\t\t<\/div>\n\t\t<\/section>\n\t\t\t\t<\/div>\n\t\t","protected":false},"excerpt":{"rendered":"<p>Logix Partenaires Vendeurs Autoris\u00e9s A bord du premier programme SaaS revendeurs autoris\u00e9s \u00e0 gagner pour chaque vente que vous fermez. Pourquoi rejoindre le programme Revendeurs agr\u00e9\u00e9s? Logix PARTNERS Authorized Resellers Program est un programme d\u2019affiliation B2B mondial de premier plan, qui vous aidera \u00e0 gagner un revenu passif en faisant la promotion de l\u2019une des [&hellip;]<\/p>\n","protected":false},"author":1,"featured_media":0,"parent":0,"menu_order":0,"comment_status":"closed","ping_status":"closed","template":"elementor_header_footer","meta":{"content-type":"","_monsterinsights_skip_tracking":false,"_monsterinsights_sitenote_active":false,"_monsterinsights_sitenote_note":"","_monsterinsights_sitenote_category":0,"_uf_show_specific_survey":0,"_uf_disable_surveys":false,"footnotes":""},"class_list":["post-29133","page","type-page","status-publish","hentry"],"aioseo_notices":[],"_links":{"self":[{"href":"https:\/\/logixgrid.com\/fr\/wp-json\/wp\/v2\/pages\/29133","targetHints":{"allow":["GET"]}}],"collection":[{"href":"https:\/\/logixgrid.com\/fr\/wp-json\/wp\/v2\/pages"}],"about":[{"href":"https:\/\/logixgrid.com\/fr\/wp-json\/wp\/v2\/types\/page"}],"author":[{"embeddable":true,"href":"https:\/\/logixgrid.com\/fr\/wp-json\/wp\/v2\/users\/1"}],"replies":[{"embeddable":true,"href":"https:\/\/logixgrid.com\/fr\/wp-json\/wp\/v2\/comments?post=29133"}],"version-history":[{"count":10,"href":"https:\/\/logixgrid.com\/fr\/wp-json\/wp\/v2\/pages\/29133\/revisions"}],"predecessor-version":[{"id":29726,"href":"https:\/\/logixgrid.com\/fr\/wp-json\/wp\/v2\/pages\/29133\/revisions\/29726"}],"wp:attachment":[{"href":"https:\/\/logixgrid.com\/fr\/wp-json\/wp\/v2\/media?parent=29133"}],"curies":[{"name":"wp","href":"https:\/\/api.w.org\/{rel}","templated":true}]}}