{"id":29135,"date":"2020-10-10T14:51:19","date_gmt":"2020-10-10T14:51:19","guid":{"rendered":"https:\/\/logixgrid.com\/developer-partners\/"},"modified":"2022-03-16T14:00:50","modified_gmt":"2022-03-16T14:00:50","slug":"developpeurs-partenaires","status":"publish","type":"page","link":"https:\/\/logixgrid.com\/fr\/developpeurs-partenaires\/","title":{"rendered":"Developer Partners"},"content":{"rendered":"\t\t<div data-elementor-type=\"wp-page\" data-elementor-id=\"29135\" class=\"elementor elementor-29135 elementor-6418\">\n\t\t\t\t\t\t<section class=\"elementor-section elementor-top-section elementor-element elementor-element-aa91b37 elementor-section-boxed elementor-section-height-default elementor-section-height-default\" data-id=\"aa91b37\" data-element_type=\"section\">\n\t\t\t\t\t\t<div class=\"elementor-container elementor-column-gap-default\">\n\t\t\t\t\t<div class=\"elementor-column elementor-col-100 elementor-top-column elementor-element elementor-element-a736a91\" data-id=\"a736a91\" data-element_type=\"column\">\n\t\t\t<div class=\"elementor-widget-wrap elementor-element-populated\">\n\t\t\t\t\t\t<div class=\"elementor-element elementor-element-57919ab elementor-widget elementor-widget-text-editor\" data-id=\"57919ab\" data-element_type=\"widget\" data-widget_type=\"text-editor.default\">\n\t\t\t\t<div class=\"elementor-widget-container\">\n\t\t\t\t\t\t\t\t\t<style>\n.elementor-section.elementor-section-boxed>.elementor-container{max-width:none}.elementor-column-gap-default>.elementor-row>.elementor-column>.elementor-element-populated{padding-bottom:0}.fonts-lato,h2,h4{font-family:lato}.banner-img{background:url(\"https:\/\/logixgrid.com\/wp-content\/uploads\/2021\/05\/19197013-Converted.png\") center no-repeat;background-size:contain;height:320px}.section1-layout{background:#f8f8f8;padding:35px 15px}.partner-icon-css{color:#0e0e0e;font-size:26px;margin-left:15px;text-transform:uppercase;vertical-align:top}.pad-res{padding-top:45px}<\/style>\n\n<section class=\"fonts-lato margin-css\">\n<div class=\"twelve columns section1-layout\">\n<div class=\"row-width text-center\">\n<div class=\"five columns banner-img full-width\"><\/div>\n<div class=\"seven columns full-width pad-res\">\n<div><img decoding=\"async\" class=\"size-full wp-image-8696 logo-res\" src=\"https:\/\/logixgrid.com\/wp-content\/uploads\/2020\/11\/Logix-Partner-Icon.png\" alt=\"Logix Partner Icon\" width=\"45\" height=\"48\" srcset=\"https:\/\/logixgrid.com\/wp-content\/uploads\/2020\/11\/Logix-Partner-Icon.png 299w, https:\/\/logixgrid.com\/wp-content\/uploads\/2020\/11\/Logix-Partner-Icon-279x300.png 279w\" sizes=\"(max-width: 45px) 100vw, 45px\" \/>\n<span class=\"partner-icon-css\">Logix Partenaires<\/span><\/div>\n<h2 class=\"section1-header\">D\u00e9veloppeurs Partenaires<\/h2>\n<p class=\"section1-para\">Vous aimez construire ? Alors ne restez pas en arri\u00e8re pour rejoindre la meilleure plate-forme de partenaires de d\u00e9veloppement pour pr\u00e9senter et gagner de LogixGRID App Marketplace.<\/p>\n\n<\/div>\n<\/div>\n<\/div>\n<\/section>\t\t\t\t\t\t\t\t<\/div>\n\t\t\t\t<\/div>\n\t\t\t\t\t<\/div>\n\t\t<\/div>\n\t\t\t\t\t<\/div>\n\t\t<\/section>\n\t\t\t\t<section class=\"elementor-section elementor-top-section elementor-element elementor-element-5d62915 elementor-section-boxed elementor-section-height-default elementor-section-height-default\" data-id=\"5d62915\" data-element_type=\"section\">\n\t\t\t\t\t\t<div class=\"elementor-container elementor-column-gap-default\">\n\t\t\t\t\t<div class=\"elementor-column elementor-col-100 elementor-top-column elementor-element elementor-element-36baa07\" data-id=\"36baa07\" data-element_type=\"column\">\n\t\t\t<div class=\"elementor-widget-wrap elementor-element-populated\">\n\t\t\t\t\t\t<div class=\"elementor-element elementor-element-7fbd942 elementor-widget elementor-widget-text-editor\" data-id=\"7fbd942\" data-element_type=\"widget\" data-widget_type=\"text-editor.default\">\n\t\t\t\t<div class=\"elementor-widget-container\">\n\t\t\t\t\t\t\t\t\t<style>.margin-css{margin:-10px -10px 0}.section1-header{color:#446b8f;font-size:35px;font-weight:400;margin-top:24px;text-transform:uppercase}.section2-header,.section3-header{color:#535962;font-size:29px;font-weight:400}.section1-para,.section2-para{color:#0e0e0e;font-size:19px;line-height:26px}.section2-para{padding:5px 29px 0}.section2-subheader{color:#ffc42f;font-size:22px;font-weight:600;padding-bottom:15px}.section2-subpara{color:#0e0e0e;font-size:17px;line-height:24px;padding-top:15px}.section2-box{border:1px solid #ddd;border-radius:10px;padding-bottom:26px}.section2-box:hover{background:#f8f8f8;border:1px solid transparent;transition:.4s ease}.section2-box:hover .section2-subheader{color:#60639a;transition:.4s ease}.section3-header{margin-top:0}.section3-box{background:#f8f8f8;border:1px solid #ccc;border-radius:40px;color:#dc7a40;font-size:17px;font-weight:600;padding:10px 15px}.section3-box:hover{background:#9451ea}.section3-box:hover .anchor-tag,.section3-box:hover .anchor-tag:focus{color:#fff!important}.pad-35px{padding-top:35px;padding-bottom:50px}.pad-50px{padding-top:50px;padding-bottom:50px}.pad-10px{padding:10px 0}.pa-0{padding:0}.top-29px{margin-top:29px}.pb-0{padding-bottom:0!important}<\/style>\n\n<section class=\"fonts-lato margin-10px\">\n<div class=\"twelve columns\">\n<div class=\"row-width text-center\">\n<h2 class=\"section2-header pad-10px\">Pourquoi devenir Partenaire D\u00e9veloppeur?<\/h2>\n<p class=\"section2-para\">Cr\u00e9er et publier votre application pour la communaut\u00e9 n&rsquo;a jamais \u00e9t\u00e9 aussi facile sur LogixGRID Marketplace. Vos comp\u00e9tences particuli\u00e8res sont recherch\u00e9es dans le monde entier &amp; LogixGRID Marketplace peut vous aider \u00e0 vous connecter avec eux pour vous donner l&rsquo;opportunit\u00e9 de pr\u00e9senter vos futures applications de pointe ax\u00e9es sur la technologie et au monde.<\/p>\n\n<div class=\"twelve columns flex-display pad-50px\">\n<div class=\"four columns section2-box\">\n<h4 class=\"section2-subheader\">Vendre Aux Clients Logix<\/h4>\n<img decoding=\"async\" class=\"size-medium wp-image-6428 aligncenter\" src=\"https:\/\/logixgrid.com\/wp-content\/uploads\/2020\/10\/Sales-opportunities-289x300.png\" alt=\"Sell to Logix Customers\" width=\"100\" height=\"104\" srcset=\"https:\/\/logixgrid.com\/wp-content\/uploads\/2020\/10\/Sales-opportunities-289x300.png 289w, https:\/\/logixgrid.com\/wp-content\/uploads\/2020\/10\/Sales-opportunities-500x519.png 500w, https:\/\/logixgrid.com\/wp-content\/uploads\/2020\/10\/Sales-opportunities.png 599w\" sizes=\"(max-width: 100px) 100vw, 100px\" \/>\n<p class=\"section2-subpara\">Offrant de puissantes API de plate-forme et une documentation pour cr\u00e9er des applications. Exposition aux clients mondiaux pour offrir des solutions combin\u00e9es avec les produits LogixGRID.<\/p>\n\n<\/div>\n<div class=\"four columns section2-box ma-20\">\n<h4 class=\"section2-subheader\">Rejoignez nos forces<\/h4>\n<img decoding=\"async\" class=\"size-medium wp-image-6430 aligncenter\" src=\"https:\/\/logixgrid.com\/wp-content\/uploads\/2020\/10\/Upgrade-Business-Skills-290x300.png\" alt=\"Join our forces\" width=\"100\" height=\"103\" srcset=\"https:\/\/logixgrid.com\/wp-content\/uploads\/2020\/10\/Upgrade-Business-Skills-290x300.png 290w, https:\/\/logixgrid.com\/wp-content\/uploads\/2020\/10\/Upgrade-Business-Skills-500x517.png 500w, https:\/\/logixgrid.com\/wp-content\/uploads\/2020\/10\/Upgrade-Business-Skills.png 617w\" sizes=\"(max-width: 100px) 100vw, 100px\" \/>\n<p class=\"section2-subpara\">Travailler avec les d\u00e9veloppeurs Logix &amp; construire quelque chose hors de la bo\u00eete &amp; faire partie d&rsquo;une campagne de mise sur le march\u00e9 conjointe personnalis\u00e9e et compl\u00e8te pour une visibilit\u00e9 accrue &amp; adoption dans le monde entier.<\/p>\n\n<\/div>\n<div class=\"four columns section2-box\">\n<h4 class=\"section2-subheader\">Augmentez Vos Revenus<\/h4>\n<img loading=\"lazy\" decoding=\"async\" class=\"size-medium wp-image-6429 aligncenter\" src=\"https:\/\/logixgrid.com\/wp-content\/uploads\/2020\/10\/Partner-enablement-298x300.png\" alt=\"Grow your Revenue\" width=\"100\" height=\"101\" srcset=\"https:\/\/logixgrid.com\/wp-content\/uploads\/2020\/10\/Partner-enablement-298x300.png 298w, https:\/\/logixgrid.com\/wp-content\/uploads\/2020\/10\/Partner-enablement-150x150.png 150w, https:\/\/logixgrid.com\/wp-content\/uploads\/2020\/10\/Partner-enablement-500x500.png 500w, https:\/\/logixgrid.com\/wp-content\/uploads\/2020\/10\/Partner-enablement.png 630w\" sizes=\"(max-width: 100px) 100vw, 100px\" \/>\n<p class=\"section2-subpara\">Nous cr\u00e9ons des applications qui r\u00e9solvent les probl\u00e8mes commerciaux critiques, promouvons vos produits aupr\u00e8s des clients et int\u00e9grons les plates-formes LogixGRID SaaS, augmentant ainsi rapidement vos revenus.<\/p>\n\n<\/div>\n<\/div>\n<\/div>\n<\/div>\n<\/section>\t\t\t\t\t\t\t\t<\/div>\n\t\t\t\t<\/div>\n\t\t\t\t\t<\/div>\n\t\t<\/div>\n\t\t\t\t\t<\/div>\n\t\t<\/section>\n\t\t\t\t<section class=\"elementor-section elementor-top-section elementor-element elementor-element-e3916f5 elementor-section-boxed elementor-section-height-default elementor-section-height-default\" data-id=\"e3916f5\" data-element_type=\"section\">\n\t\t\t\t\t\t<div class=\"elementor-container elementor-column-gap-default\">\n\t\t\t\t\t<div class=\"elementor-column elementor-col-100 elementor-top-column elementor-element elementor-element-1241231\" data-id=\"1241231\" data-element_type=\"column\">\n\t\t\t<div class=\"elementor-widget-wrap elementor-element-populated\">\n\t\t\t\t\t\t<div class=\"elementor-element elementor-element-d652904 elementor-widget elementor-widget-text-editor\" data-id=\"d652904\" data-element_type=\"widget\" data-widget_type=\"text-editor.default\">\n\t\t\t\t<div class=\"elementor-widget-container\">\n\t\t\t\t\t\t\t\t\t<style>\n@media only screen and (min-width:1350px){.section1-layout{padding-right:50px}}@media only screen and (min-width:1200px){.section2-header,.section3-header{font-size:31px}.section1-para{font-size:24px;line-height:28px}.partner-icon-css{font-size:29px}.section3-box{font-size:19px;width:60%}.section2-para{padding:5px 85px 0}.section2-subpara{font-size:19px;line-height:28px}.section2-box{width:28%}.width-33{width:48%}}@media only screen and (min-width:992px) and (max-width:1199px){.section2-box{width:31%}}@media only screen and (min-width:992px){.flex-display{display:flex;justify-content:center}.ma-20{margin:0 20px}}@media only screen and (max-width:991px){.section2-box,.section3-box{float:none!important;margin:auto;max-width:100%;width:400px!important}.section3-box{width:600px!important}.ma-20{margin:40px auto!important}}@media only screen and (min-width:768px) and (max-width:991px){.full-width{width:100%!important}}@media only screen and (max-width:767px){.section2-para{padding:5px 0 0}.section1-header,.section2-header,.section3-header{font-size:26px;line-height:35px}.section1-para,.section2-para{font-size:17px;line-height:24px}.section3-box{line-height:24px}}@media only screen and (max-width:450px){.section1-header{text-transform:capitalize}.logo-res{width:40px}.partner-icon-css{font-size:24px}.banner-img{height:280px}}<\/style>\n\n<section class=\"fonts-lato\">\n<div class=\"twelve columns pa-0\">\n<div class=\"row-width text-center\">\n<h3 class=\"section3-header\">Que faut-il pour devenir un partenaire d\u00e9veloppeur?<\/h3>\n<div class=\"twelve columns pad-35px\">\n<div class=\"twelve columns flex-display\">\n<div class=\"eight columns section3-box \"><a class=\"anchor-tag\" href=\"http:\/\/developers.logixerp.com\/\" target=\"_blank\" rel=\"noopener\">Connaissances techniques extraordinaires en mati\u00e8re de langage machine<\/a><\/div>\n<\/div>\n<div class=\"twelve columns flex-display top-29px\">\n<div class=\"seven columns section3-box width-33\"><a class=\"anchor-tag\" href=\"http:\/\/developers.logixerp.com\/\" target=\"_blank\" rel=\"noopener\">Comp\u00e9tences en d\u00e9veloppement d&rsquo;applications (iOS et Android)<\/a><\/div>\n<\/div>\n<\/div>\n<\/div>\n<\/div>\n<\/section>\t\t\t\t\t\t\t\t<\/div>\n\t\t\t\t<\/div>\n\t\t\t\t\t<\/div>\n\t\t<\/div>\n\t\t\t\t\t<\/div>\n\t\t<\/section>\n\t\t\t\t<section class=\"elementor-section elementor-top-section elementor-element elementor-element-7ca11ae elementor-section-boxed elementor-section-height-default elementor-section-height-default\" data-id=\"7ca11ae\" data-element_type=\"section\">\n\t\t\t\t\t\t<div class=\"elementor-container elementor-column-gap-default\">\n\t\t\t\t\t<div class=\"elementor-column elementor-col-100 elementor-top-column elementor-element elementor-element-e96fd33\" data-id=\"e96fd33\" data-element_type=\"column\">\n\t\t\t<div class=\"elementor-widget-wrap elementor-element-populated\">\n\t\t\t\t\t\t<div class=\"elementor-element elementor-element-0929cd3 elementor-widget elementor-widget-text-editor\" data-id=\"0929cd3\" data-element_type=\"widget\" data-widget_type=\"text-editor.default\">\n\t\t\t\t<div class=\"elementor-widget-container\">\n\t\t\t\t\t\t\t\t\t<style>\n.boost-txt-css{color:#0e0e0e;font-size:22px;font-weight:400}.section5-layout{background:#f8f8f8;margin-bottom:-10px;padding:40px 15px}.margin-10px{margin:0 -10px}@media only screen and (min-width:992px){.width-auto,.boost-txt-css{width:auto!important}.flex-item-center{display:flex;align-items:center;justify-content:center}.boost-txt-css{line-height:1.3}}@media only screen and (min-width:768px) and (max-width:1199px){.boost-txt-css{font-size:21px}}@media only screen and (max-width:991px){.started-button{margin-top:20px}}@media only screen and (max-width:767px){.started-button{padding:15px 28px}}<\/style>\n\n<section class=\"fonts-lato margin-10px\">\n<div class=\"row-width text-center \">\n<div class=\"twelve columns flex-item-center section5-layout\">\n<div class=\"nine columns boost-txt-css full-width\">Renseignez-vous aujourd\u2019hui et faites partie de quelque chose d\u2019excitant &#038; incroyable et gagne gros<\/div>\n<div class=\"three columns width-auto full-width\"><a class=\"paoc-popup-fr\" target=\"_self\"><button class=\"popupaoc-button started-button\">D\u00e9marrer<\/button><\/a><\/div>\n<\/div>\n<\/div>\n<\/section>\t\t\t\t\t\t\t\t<\/div>\n\t\t\t\t<\/div>\n\t\t\t\t\t<\/div>\n\t\t<\/div>\n\t\t\t\t\t<\/div>\n\t\t<\/section>\n\t\t\t\t<\/div>\n\t\t","protected":false},"excerpt":{"rendered":"<p>Logix Partenaires D\u00e9veloppeurs Partenaires Vous aimez construire ? Alors ne restez pas en arri\u00e8re pour rejoindre la meilleure plate-forme de partenaires de d\u00e9veloppement pour pr\u00e9senter et gagner de LogixGRID App Marketplace. Pourquoi devenir Partenaire D\u00e9veloppeur? Cr\u00e9er et publier votre application pour la communaut\u00e9 n&rsquo;a jamais \u00e9t\u00e9 aussi facile sur LogixGRID Marketplace. Vos comp\u00e9tences particuli\u00e8res sont [&hellip;]<\/p>\n","protected":false},"author":1,"featured_media":0,"parent":0,"menu_order":0,"comment_status":"closed","ping_status":"closed","template":"elementor_header_footer","meta":{"content-type":"","_monsterinsights_skip_tracking":false,"_monsterinsights_sitenote_active":false,"_monsterinsights_sitenote_note":"","_monsterinsights_sitenote_category":0,"_uf_show_specific_survey":0,"_uf_disable_surveys":false,"footnotes":""},"class_list":["post-29135","page","type-page","status-publish","hentry"],"aioseo_notices":[],"_links":{"self":[{"href":"https:\/\/logixgrid.com\/fr\/wp-json\/wp\/v2\/pages\/29135","targetHints":{"allow":["GET"]}}],"collection":[{"href":"https:\/\/logixgrid.com\/fr\/wp-json\/wp\/v2\/pages"}],"about":[{"href":"https:\/\/logixgrid.com\/fr\/wp-json\/wp\/v2\/types\/page"}],"author":[{"embeddable":true,"href":"https:\/\/logixgrid.com\/fr\/wp-json\/wp\/v2\/users\/1"}],"replies":[{"embeddable":true,"href":"https:\/\/logixgrid.com\/fr\/wp-json\/wp\/v2\/comments?post=29135"}],"version-history":[{"count":8,"href":"https:\/\/logixgrid.com\/fr\/wp-json\/wp\/v2\/pages\/29135\/revisions"}],"predecessor-version":[{"id":29727,"href":"https:\/\/logixgrid.com\/fr\/wp-json\/wp\/v2\/pages\/29135\/revisions\/29727"}],"wp:attachment":[{"href":"https:\/\/logixgrid.com\/fr\/wp-json\/wp\/v2\/media?parent=29135"}],"curies":[{"name":"wp","href":"https:\/\/api.w.org\/{rel}","templated":true}]}}