{"id":29140,"date":"2021-10-08T10:53:09","date_gmt":"2021-10-08T10:53:09","guid":{"rendered":"https:\/\/logixgrid.com\/logix-platform-signup\/"},"modified":"2022-03-16T09:06:29","modified_gmt":"2022-03-16T09:06:29","slug":"signature-de-la-plateforme-logix","status":"publish","type":"page","link":"https:\/\/logixgrid.com\/fr\/signature-de-la-plateforme-logix\/","title":{"rendered":"Logix Platform SignUp"},"content":{"rendered":"<style>.entry-meta,.previous-exists{display:none}.entry-content.row{width:100%}.margin-15px{margin:0 -15px}.fonts-lato,h2,h4{font-family:lato}.plr-0{padding-left:0;padding-right:0}.mt-0{margin-top:0}.trial-btn{border-radius:2px;display:block!important;width:100%}#signup_form-layout{background:#fff;border:1px solid #555;margin-top:40px;padding:29px}.section1-header,.section2-header{color:#0e0e0e;font-size:26px;font-weight:400;line-height:35px}.section1-header{padding-top:24px}.section2-header{margin:0 auto 29px;width:80%}.section1-para,.section1-subpara{color:#14124a;font-size:19px;line-height:28px;margin-bottom:10px!important}.section1-para{font-size:24px}.section1-subpara li{font-size:18px;margin-bottom:10px!important}.section1-img{background:url('https:\/\/logixgrid.com\/wp-content\/uploads\/2021\/10\/Group-2424.png') top no-repeat;background-position:right;background-size:contain;height:200px;margin:20px 0 50px}.platform-icon-css{color:#0e0e0e;font-size:28px;font-weight:400;margin-left:15px;text-transform:uppercase;vertical-align:top}.section1-layout{padding:65px 50px 0}.offer-img{background:url('https:\/\/logixgrid.com\/wp-content\/uploads\/2021\/10\/Offer.png') center no-repeat;background-size:contain;height:200px;left:-20px;position:absolute;top:0;width:140px;z-index:99}#category_error_FR{color:#dc3232;font-size:1em;font-weight:400;margin-bottom:-16px}@media only screen and (min-width:1400px){#logix_platform .section1-layout,.form-details{float:none;margin:auto;width:95%!important}.offer-img{left:-5px}}@media only screen and (min-width:1200px){.section1-header{font-size:26px}}@media only screen and (min-width:992px){.bottom-space{margin-bottom:40px}}@media only screen and (max-width:991px){.form-details{margin:auto;max-width:100%;width:500px}.section1-img{background-position:top;height:auto}.section2-header{padding-top:60px}.offer-img{left:0;margin:auto;right:0;max-width:100%;top:-15px}}@media only screen and (min-width:768px) and (max-width:991px){.full-width,.section1-img{width:100%!important}.offer-img{left:65px}}@media only screen and (max-width:767px){.section1-layout{padding:45px 29px 0}.section2-header{width:100%}.platform-icon-css{font-size:26px}}<\/style>\n<section class=\"fonts-lato margin-15px\">\n<div class=\"twelve columns plr-0\">\n<div class=\"seven columns full-width plr-0\" id=\"logix_platform\">\n<div class=\"twelve columns section1-layout\">\n<div>\n<img decoding=\"async\" src=\"https:\/\/logixgrid.com\/wp-content\/uploads\/2020\/09\/LogixGrid-Platform-Icon-e1603872944255.png\" alt=\"Logix Platform Logo\" width=\"45\" height=\"45\" class=\"size-full wp-image-17401\" \/><span class=\"platform-icon-css\">Plateforme Logix<\/span>\n<\/div>\n<h2 class=\"section1-header mt-0\">Rejoignez la plateforme Logix et r\u00e9clamez jusqu&rsquo;\u00e0 2 000 $ de cr\u00e9dits<\/h2>\n<p class=\"section1-para\">Commencez votre essai de 15 jours d\u00e8s aujourd&rsquo;hui!<\/p>\n<p class=\"section1-subpara\">Avec votre essai de 15 jours, vous aurez acc\u00e8s \u00e0:<\/p>\n<ul class=\"section1-subpara\">\n<li>Prise en charge de l&rsquo;application mobile Logix pour g\u00e9rer l&rsquo;ensemble de vos op\u00e9rations logistiques sur votre mobile<\/li>\n<li>Acc\u00e8s au portail pour vos clients<\/li>\n<li>Int\u00e9gration de plus de 40 op\u00e9rateurs<\/li>\n<li>G\u00e9rez toutes les donn\u00e9es de vos clients en un seul endroit gr\u00e2ce \u00e0 notre solution CRM flexible<\/li>\n<li>Int\u00e9gration de site Web avec WordPress<\/li>\n<li>Conceptions de factures personnalis\u00e9es<\/li>\n<li>G\u00e9rez l&rsquo;ensemble de vos finances sur un seul tableau de bord<\/li>\n<\/ul>\n<\/div>\n<div class=\"twelve columns bottom-space plr-0\"><img fetchpriority=\"high\" decoding=\"async\" src=\"https:\/\/logixgrid.com\/wp-content\/uploads\/2021\/10\/Logix-Platform-Erp.png\" alt=\"Logix Platform Erp\" width=\"2008\" height=\"970\" class=\"aligncenter size-full wp-image-25402 mt-0\" srcset=\"https:\/\/logixgrid.com\/wp-content\/uploads\/2021\/10\/Logix-Platform-Erp.png 2008w, https:\/\/logixgrid.com\/wp-content\/uploads\/2021\/10\/Logix-Platform-Erp-300x145.png 300w, https:\/\/logixgrid.com\/wp-content\/uploads\/2021\/10\/Logix-Platform-Erp-1024x495.png 1024w, https:\/\/logixgrid.com\/wp-content\/uploads\/2021\/10\/Logix-Platform-Erp-768x371.png 768w, https:\/\/logixgrid.com\/wp-content\/uploads\/2021\/10\/Logix-Platform-Erp-1536x742.png 1536w, https:\/\/logixgrid.com\/wp-content\/uploads\/2021\/10\/Logix-Platform-Erp-500x242.png 500w, https:\/\/logixgrid.com\/wp-content\/uploads\/2021\/10\/Logix-Platform-Erp-920x444.png 920w\" sizes=\"(max-width: 2008px) 100vw, 2008px\" \/><\/div>\n<\/div>\n<div class=\"five columns section1-img section1-layout\">\n<div class=\"offer-img\"><\/div>\n<div class=\"form-details\">\n<div class=\"twelve columns\" id=\"signup_form-layout\">\n<h2 class=\"section2-header text-center\">Inscrivez-vous maintenant pour commencer votre essai gratuit de 15 jours!<\/h2>\n\n<div class=\"wpcf7 no-js\" id=\"wpcf7-f29671-o1\" lang=\"en-US\" dir=\"ltr\" data-wpcf7-id=\"29671\">\n<div class=\"screen-reader-response\"><p role=\"status\" aria-live=\"polite\" aria-atomic=\"true\"><\/p> <ul><\/ul><\/div>\n<form action=\"\/fr\/wp-json\/wp\/v2\/pages\/29140#wpcf7-f29671-o1\" method=\"post\" class=\"wpcf7-form init\" aria-label=\"Contact form\" novalidate=\"novalidate\" data-status=\"init\">\n<div style=\"display: none;\">\n<input type=\"hidden\" name=\"_wpcf7\" value=\"29671\" \/>\n<input type=\"hidden\" name=\"_wpcf7_version\" value=\"6.0.5\" \/>\n<input type=\"hidden\" name=\"_wpcf7_locale\" value=\"en_US\" \/>\n<input type=\"hidden\" name=\"_wpcf7_unit_tag\" value=\"wpcf7-f29671-o1\" \/>\n<input type=\"hidden\" name=\"_wpcf7_container_post\" value=\"0\" \/>\n<input type=\"hidden\" name=\"_wpcf7_posted_data_hash\" value=\"\" \/>\n<\/div>\n<span class=\"wpcf7-form-control-wrap\" data-name=\"your-name\"><input size=\"40\" maxlength=\"400\" class=\"wpcf7-form-control wpcf7-text wpcf7-validates-as-required\" aria-required=\"true\" aria-invalid=\"false\" placeholder=\"Name\" value=\"\" type=\"text\" name=\"your-name\" \/><\/span><span class=\"wpcf7-form-control-wrap\" data-name=\"your-email\"><input size=\"40\" maxlength=\"400\" class=\"wpcf7-form-control wpcf7-email wpcf7-validates-as-required wpcf7-text wpcf7-validates-as-email\" aria-required=\"true\" aria-invalid=\"false\" placeholder=\"E-mail\" value=\"\" type=\"email\" name=\"your-email\" \/><\/span><span class=\"wpcf7-form-control-wrap\" data-name=\"your-company\"><input size=\"40\" maxlength=\"400\" class=\"wpcf7-form-control wpcf7-text wpcf7-validates-as-required\" aria-required=\"true\" aria-invalid=\"false\" placeholder=\"Nom de l&#039;entreprise\" value=\"\" type=\"text\" name=\"your-company\" \/><\/span><span class=\"wpcf7-form-control-wrap\" data-name=\"businessCategory\"><select class=\"wpcf7-form-control wpcf7-select wpcf7-validates-as-required\" id=\"Business_Category_FR\" aria-required=\"true\" aria-invalid=\"false\" name=\"businessCategory\"><option value=\"S\u00e9lectionnez la cat\u00e9gorie d&#039;entreprise\">S\u00e9lectionnez la cat\u00e9gorie d&#039;entreprise<\/option><option value=\"Entreprise de messagerie\">Entreprise de messagerie<\/option><option value=\"Entreprise de logistique express\">Entreprise de logistique express<\/option><option value=\"Autre\">Autre<\/option><\/select><\/span><div id=\"category_error_FR\" style=\"display:none;\">Le champ est obligatoire.<\/div><div id=\"Other_category_FR\" style=\"display:none;\"><span class=\"wpcf7-form-control-wrap\" data-name=\"otherCategory\"><input size=\"40\" maxlength=\"400\" class=\"wpcf7-form-control wpcf7-text\" id=\"Other_Category\" aria-invalid=\"false\" placeholder=\"Entrez la cat\u00e9gorie d&#039;entreprise\" value=\"\" type=\"text\" name=\"otherCategory\" \/><\/span><\/div><span class=\"wpcf7-form-control-wrap\" data-name=\"your-country\"><input size=\"40\" maxlength=\"400\" class=\"wpcf7-form-control wpcf7-text wpcf7-validates-as-required\" aria-required=\"true\" aria-invalid=\"false\" placeholder=\"Nom du pays\" value=\"\" type=\"text\" name=\"your-country\" \/><\/span><span class=\"wpcf7-form-control-wrap\" data-name=\"phones\"><input size=\"40\" maxlength=\"400\" class=\"wpcf7-form-control wpcf7-tel wpcf7-validates-as-required wpcf7-text wpcf7-validates-as-tel\" aria-required=\"true\" aria-invalid=\"false\" placeholder=\"Num\u00e9ro de t\u00e9l\u00e9phone\" value=\"\" type=\"tel\" name=\"phones\" \/><\/span><span class=\"wpcf7-form-control-wrap\" data-name=\"your-message\"><textarea cols=\"40\" rows=\"2\" maxlength=\"2000\" class=\"wpcf7-form-control wpcf7-textarea\" aria-invalid=\"false\" placeholder=\"Le message\" name=\"your-message\"><\/textarea><\/span><input class=\"wpcf7-form-control wpcf7-submit has-spinner btn btn-default trial-btn\" id=\"submit_trial_form_FR\" type=\"submit\" value=\"Commencer mon essai gratuit\" \/>\n\n<script>\ndocument.getElementById(\"Business_Category_FR\").addEventListener(\"change\", changeCategory);\nfunction changeCategory(){\nvar categoryValue= document.getElementById(\"Business_Category_FR\").value;\nif(categoryValue == \"Autre\") {\ndocument.getElementById(\"Other_category_FR\").style.display= \"block\";\ndocument.getElementById(\"category_error_FR\").style.display= \"none\";\n}\nelse{\ndocument.getElementById(\"Other_category_FR\").style.display= \"none\";\n}}\ndocument.getElementById(\"submit_trial_form_FR\").addEventListener(\"click\", validateTrialFormData);\nfunction validateTrialFormData(){\nvar categoryValue= document.getElementById(\"Business_Category_FR\").value;\nif(categoryValue == \"S\u00e9lectionnez la cat\u00e9gorie d'entreprise\") {\ndocument.getElementById(\"category_error_FR\").style.display= \"block\";\n}\nelse{\ndocument.getElementById(\"category_error_FR\").style.display= \"none\";\n}}\n<\/script><p style=\"display: none !important;\" class=\"akismet-fields-container\" data-prefix=\"_wpcf7_ak_\"><label>&#916;<textarea name=\"_wpcf7_ak_hp_textarea\" cols=\"45\" rows=\"8\" maxlength=\"100\"><\/textarea><\/label><input type=\"hidden\" id=\"ak_js_1\" name=\"_wpcf7_ak_js\" value=\"101\"\/><script>document.getElementById( \"ak_js_1\" ).setAttribute( \"value\", ( new Date() ).getTime() );<\/script><\/p><div class=\"wpcf7-response-output\" aria-hidden=\"true\"><\/div>\n<\/form>\n<\/div>\n<\/div>\n<\/div>\n<\/div>\n<\/div>\n<\/section>\n","protected":false},"excerpt":{"rendered":"<p>Plateforme Logix Rejoignez la plateforme Logix et r\u00e9clamez jusqu&rsquo;\u00e0 2 000 $ de cr\u00e9dits Commencez votre essai de 15 jours d\u00e8s aujourd&rsquo;hui! Avec votre essai de 15 jours, vous aurez acc\u00e8s \u00e0: Prise en charge de l&rsquo;application mobile Logix pour g\u00e9rer l&rsquo;ensemble de vos op\u00e9rations logistiques sur votre mobile Acc\u00e8s au portail pour vos clients [&hellip;]<\/p>\n","protected":false},"author":1,"featured_media":0,"parent":0,"menu_order":0,"comment_status":"closed","ping_status":"closed","template":"","meta":{"content-type":"","_monsterinsights_skip_tracking":false,"_monsterinsights_sitenote_active":false,"_monsterinsights_sitenote_note":"","_monsterinsights_sitenote_category":0,"_uf_show_specific_survey":0,"_uf_disable_surveys":false,"footnotes":""},"class_list":["post-29140","page","type-page","status-publish","hentry"],"aioseo_notices":[],"_links":{"self":[{"href":"https:\/\/logixgrid.com\/fr\/wp-json\/wp\/v2\/pages\/29140","targetHints":{"allow":["GET"]}}],"collection":[{"href":"https:\/\/logixgrid.com\/fr\/wp-json\/wp\/v2\/pages"}],"about":[{"href":"https:\/\/logixgrid.com\/fr\/wp-json\/wp\/v2\/types\/page"}],"author":[{"embeddable":true,"href":"https:\/\/logixgrid.com\/fr\/wp-json\/wp\/v2\/users\/1"}],"replies":[{"embeddable":true,"href":"https:\/\/logixgrid.com\/fr\/wp-json\/wp\/v2\/comments?post=29140"}],"version-history":[{"count":5,"href":"https:\/\/logixgrid.com\/fr\/wp-json\/wp\/v2\/pages\/29140\/revisions"}],"predecessor-version":[{"id":29683,"href":"https:\/\/logixgrid.com\/fr\/wp-json\/wp\/v2\/pages\/29140\/revisions\/29683"}],"wp:attachment":[{"href":"https:\/\/logixgrid.com\/fr\/wp-json\/wp\/v2\/media?parent=29140"}],"curies":[{"name":"wp","href":"https:\/\/api.w.org\/{rel}","templated":true}]}}