{"id":29141,"date":"2020-10-10T15:24:52","date_gmt":"2020-10-10T15:24:52","guid":{"rendered":"https:\/\/logixgrid.com\/logix-partners\/"},"modified":"2022-03-16T14:01:58","modified_gmt":"2022-03-16T14:01:58","slug":"logix-partenaires","status":"publish","type":"page","link":"https:\/\/logixgrid.com\/fr\/logix-partenaires\/","title":{"rendered":"Logix Partners"},"content":{"rendered":"\t\t<div data-elementor-type=\"wp-page\" data-elementor-id=\"29141\" class=\"elementor elementor-29141 elementor-6433\">\n\t\t\t\t\t\t<section class=\"elementor-section elementor-top-section elementor-element elementor-element-ce6a507 elementor-section-boxed elementor-section-height-default elementor-section-height-default\" data-id=\"ce6a507\" data-element_type=\"section\">\n\t\t\t\t\t\t<div class=\"elementor-container elementor-column-gap-default\">\n\t\t\t\t\t<div class=\"elementor-column elementor-col-100 elementor-top-column elementor-element elementor-element-d303f59\" data-id=\"d303f59\" data-element_type=\"column\">\n\t\t\t<div class=\"elementor-widget-wrap elementor-element-populated\">\n\t\t\t\t\t\t<div class=\"elementor-element elementor-element-dd33678 elementor-widget elementor-widget-text-editor\" data-id=\"dd33678\" data-element_type=\"widget\" data-widget_type=\"text-editor.default\">\n\t\t\t\t<div class=\"elementor-widget-container\">\n\t\t\t\t\t\t\t\t\t<style>\n.elementor-section.elementor-section-boxed>.elementor-container{max-width:none}.elementor-column-gap-default>.elementor-row>.elementor-column>.elementor-element-populated{padding-bottom:0}.fonts-lato,h2,h4{font-family:lato}.banner-img{background:url(\"https:\/\/logixgrid.com\/wp-content\/uploads\/2021\/05\/Mask-Group-39.png\") center no-repeat;background-size:contain;height:320px}.section1-layout{background:#046570;padding:35px 15px}.partner-icon-css{color:#fff;font-size:26px;margin-left:15px;text-transform:uppercase;vertical-align:top}.pad-res{padding-top:50px}<\/style>\n\n<section class=\"fonts-lato margin-css\">\n<div class=\"twelve columns section1-layout\">\n<div class=\"row-width text-center\">\n<div class=\"five columns banner-img full-width\"><\/div>\n<div class=\"seven columns full-width pad-res\">\n<div><img decoding=\"async\" class=\"size-full wp-image-8696 logo-res\" src=\"https:\/\/logixgrid.com\/wp-content\/uploads\/2020\/11\/Logix-Partner-Icon.png\" alt=\"Logix Partner Icon\" width=\"45\" height=\"48\" srcset=\"https:\/\/logixgrid.com\/wp-content\/uploads\/2020\/11\/Logix-Partner-Icon.png 299w, https:\/\/logixgrid.com\/wp-content\/uploads\/2020\/11\/Logix-Partner-Icon-279x300.png 279w\" sizes=\"(max-width: 45px) 100vw, 45px\" \/>\n<span class=\"partner-icon-css\">Logix Partenaires<\/span><\/div>\n<h2 class=\"section1-header\">Un Programme De Partenariat Ph\u00e9nom\u00e9nal<\/h2>\n<p class=\"section1-para\">Rejoignez le puissant programme de partenariat de LogixGRID pour innover, cultiver et r\u00e9former des solutions complexes et apporter de la valeur \u00e0 vos clients\u00a0!<\/p>\n\n<\/div>\n<\/div>\n<\/div>\n<\/section>\t\t\t\t\t\t\t\t<\/div>\n\t\t\t\t<\/div>\n\t\t\t\t\t<\/div>\n\t\t<\/div>\n\t\t\t\t\t<\/div>\n\t\t<\/section>\n\t\t\t\t<section class=\"elementor-section elementor-top-section elementor-element elementor-element-95e5253 elementor-section-boxed elementor-section-height-default elementor-section-height-default\" data-id=\"95e5253\" data-element_type=\"section\">\n\t\t\t\t\t\t<div class=\"elementor-container elementor-column-gap-default\">\n\t\t\t\t\t<div class=\"elementor-column elementor-col-100 elementor-top-column elementor-element elementor-element-3833c0e\" data-id=\"3833c0e\" data-element_type=\"column\">\n\t\t\t<div class=\"elementor-widget-wrap elementor-element-populated\">\n\t\t\t\t\t\t<div class=\"elementor-element elementor-element-562a91f elementor-widget elementor-widget-text-editor\" data-id=\"562a91f\" data-element_type=\"widget\" data-widget_type=\"text-editor.default\">\n\t\t\t\t<div class=\"elementor-widget-container\">\n\t\t\t\t\t\t\t\t\t<style>.margin-css{margin:-10px -10px 0}.section1-header{color:#f5cf4a;font-size:29px;font-weight:400;margin-top:24px}.section2-header,.section3-header,.section4-header{color:#475352;font-size:29px;font-weight:400}.section2-header,.section3-header,.section4-header{margin-top:0}.section1-para,.section2-para,.section3-para,.section4-subpara{color:#0e0e0e;font-size:19px;line-height:26px}.section1-para{color:#fff}.section2-para,.section3-subpara{text-align:justify}.section3-para{padding:10px 15px 0}.section2-img{background:url(\"https:\/\/logixgrid.com\/wp-content\/uploads\/2021\/05\/Group-13639.png\") center no-repeat;background-size:contain;height:320px;margin-top:50px}.section3-subheader{color:#e9bf4b;font-size:26px;font-weight:600}.section3-subpara{color:#0e0e0e;font-size:17px;line-height:24px}.btn-layout{box-shadow:0 3px 4px rgb(0 0 0 \/ 30%);margin:20px 0 35px;padding:15px 29px}.section3-img{background:url(\"https:\/\/logixgrid.com\/wp-content\/uploads\/2021\/05\/Group-15890.png\") center no-repeat;background-size:contain;height:350px}.developer{background-image:url(\"https:\/\/logixgrid.com\/wp-content\/uploads\/2021\/05\/19197013-Converted.png\")}.referal{background-image:url(\"https:\/\/logixgrid.com\/wp-content\/uploads\/2021\/05\/Group-15893.png\")}.strategic{background-image:url(\"https:\/\/logixgrid.com\/wp-content\/uploads\/2021\/05\/Wavy_Tech-31_Single-07-Converted.png\")}.section4-subheader{color:#e9bf4b;display:inline-block;font-size:29px;float:left;margin-top:-14px;width:13%}.section4-subpara{margin-bottom:40px;padding-left:48px}.pad-50px{padding-top:50px;padding-bottom:50px}.pa-0{padding:0}.top-29px{margin-top:29px}.top-50px{margin-top:50px}.top-40px{margin-top:40px}.mb-0{margin-bottom:0}.bottom-space{margin-bottom:0}<\/style>\n\n<section class=\"fonts-lato margin-10px\">\n<div class=\"twelve columns pad-50px\">\n<div class=\"row-width\">\n<h2 class=\"section2-header text-center\">Programme de partenariat qui favorise la croissance<\/h2>\n<div class=\"twelve columns flex-wrap top-space\">\n<div class=\"five columns section2-img\"><\/div>\n<div class=\"seven columns custom-width\">\n<p class=\"section2-para\">LogixGRID fournit les solutions LogixERP, Logix.Network, CLOBZ Sales, ORION, PULSE, WMS, eCOM \u00e0 ses clients directement et en travaillant avec des partenaires comme vous. Notre exp\u00e9rience approfondie du secteur et la force de notre plate-forme logicielle, de notre r\u00e9seau transactionnel et de notre \u00e9quipe de services professionnels contribuent \u00e0 l&rsquo;appr\u00e9ciation par l&rsquo;ensemble du secteur de nos offres exceptionnelles et de nos performances enthousiastes.<\/p>\n<p class=\"section2-para\">Notre engagement en faveur de l&rsquo;excellence nous a permis de d\u00e9velopper des produits de haut niveau et, sur cette base, des partenariats qui constituent le fondement de notre succ\u00e8s. Comme pour tous nos partenaires de distribution, notre objectif est de rendre l&rsquo;exp\u00e9rience du logiciel LogixGRID facile et productive pour vous et vos clients, de r\u00e9pondre \u00e0 tous vos besoins commerciaux et de vous aider \u00e0 am\u00e9liorer vos r\u00e9sultats imm\u00e9diatement gr\u00e2ce au <a href=\"https:\/\/partners.logixplatform.com\/home\">programme de partenariat Logix<\/a>.<\/p>\n\n<\/div>\n<\/div>\n<\/div>\n<\/div>\n<\/section>\t\t\t\t\t\t\t\t<\/div>\n\t\t\t\t<\/div>\n\t\t\t\t\t<\/div>\n\t\t<\/div>\n\t\t\t\t\t<\/div>\n\t\t<\/section>\n\t\t\t\t<section class=\"elementor-section elementor-top-section elementor-element elementor-element-f99fb32 elementor-section-boxed elementor-section-height-default elementor-section-height-default\" data-id=\"f99fb32\" data-element_type=\"section\">\n\t\t\t\t\t\t<div class=\"elementor-container elementor-column-gap-default\">\n\t\t\t\t\t<div class=\"elementor-column elementor-col-100 elementor-top-column elementor-element elementor-element-74277bb\" data-id=\"74277bb\" data-element_type=\"column\">\n\t\t\t<div class=\"elementor-widget-wrap elementor-element-populated\">\n\t\t\t\t\t\t<div class=\"elementor-element elementor-element-e3142cd elementor-widget elementor-widget-text-editor\" data-id=\"e3142cd\" data-element_type=\"widget\" data-widget_type=\"text-editor.default\">\n\t\t\t\t<div class=\"elementor-widget-container\">\n\t\t\t\t\t\t\t\t\t<style>\n@media only screen and (min-width:1400px){.section2-img{margin-top:5px}}@media only screen and (min-width:1350px){.section1-layout{padding-right:50px}}@media only screen and (min-width:1200px){.section1-header,.section2-header,.section3-header{font-size:35px}.section1-para,.section3-para,.section4-subpara{font-size:22px;line-height:28px}.section3-subpara{font-size:19px;line-height:28px}.custom-width,.half-width{width:45%}.partner-icon-css{font-size:29px}.section2-img,.right-space,.referal{margin-right:50px}.section4-subpara{padding-left:62px}}@media only screen and (min-width:992px) and (max-width:1199px){.custom-width,.half-width{width:52%}.section2-img,.right-space,.referal{margin-right:24px}}@media only screen and (min-width:992px){.flex-display,.flex-wrap{display:flex;justify-content:center}.top-space{margin-top:29px}.half-width{padding-left:50px}.developer,.referal{margin-top:20px}}@media only screen and (max-width:991px){.flex-wrap{display:flex;flex-wrap:wrap-reverse}.pad-res{padding-top:45px}.section3-img{margin-bottom:20px}.section3-subpara{padding-top:5px}.custom-width{text-align:center}.section4-subpara{padding-left:55px}.plr-res{padding-left:0;padding-right:0}}@media only screen and (min-width:768px) and (max-width:991px){.full-width,.section2-img,.section3-img,.custom-width{width:100%!important}.half-width,.width-50{width:50%!important}}@media only screen and (max-width:767px){.section1-header,.section2-header,.section3-header,.section4-header{font-size:26px;line-height:35px}.section1-para,.section2-para{font-size:17px;line-height:24px}.section2-img,.section3-img{width:100%!important}.section4-subheader{width:auto}.custom-width{padding:0}.bottom-space{padding-bottom:40px}}@media only screen and (max-width:450px){.logo-res{width:40px}.partner-icon-css{font-size:24px}.banner-img,.developer,.referal,.strategic{height:260px}.section2-img{height:185px}.top-40px .section3-img{height:190px}}<\/style>\n\n<section class=\"fonts-lato margin-10px\">\n<div class=\"twelve columns bg-light pad-50px\">\n<div class=\"row-width\">\n<h2 class=\"section3-header text-center\">Programme PARTENAIRES Logix<\/h2>\n<p class=\"section3-para text-center\">Vous pouvez choisir parmi l&rsquo;un de nos programmes de partenariat et faire un pas de plus vers la croissance.<\/p>\n\n<div class=\"twelve columns flex-display top-40px\">\n<div class=\"five columns section3-img right-space\"><\/div>\n<div class=\"seven columns custom-width\">\n<h4 class=\"section3-subheader\">Vendeurs Autorises<\/h4>\n<p class=\"section3-subpara\">Si vous choisissez d&rsquo;\u00eatre un revendeur agr\u00e9\u00e9, vous offrirez toutes les principales solutions de LogixGRID \u00e0 vos utilisateurs. Au fur et \u00e0 mesure que votre client\u00e8le s&rsquo;\u00e9largit, vous b\u00e9n\u00e9ficierez d&rsquo;initiatives marketing conjointes avec nous et pourrez revendre des solutions directement \u00e0 vos utilisateurs finaux. Nous vous tenons au courant des offres marketing, des am\u00e9liorations de produits et d&rsquo;une vari\u00e9t\u00e9 d&rsquo;autres opportunit\u00e9s pour soutenir la croissance continue.<\/p>\n\n<div><a href=\"https:\/\/logixgrid.com\/fr\/vendeurs-autorises\/\" target=\"_self\" rel=\"noopener\"><button class=\"popupaoc-button btn-layout\">Savoir Plus<\/button><\/a><\/div>\n<\/div>\n<\/div>\n<div class=\"twelve columns flex-wrap top-50px\">\n<div class=\"seven columns custom-width right-space\">\n<h4 class=\"section3-subheader\">Developpeurs Partenaires<\/h4>\n<p class=\"section3-subpara\">Si vous \u00eates un d\u00e9veloppeur et que vous aimez la technologie et l&rsquo;innovation, nous vous serons tr\u00e8s reconnaissants de l&rsquo;avoir sur notre plateforme. Rejoignez notre communaut\u00e9 de d\u00e9veloppeurs Logix d\u00e8s aujourd&rsquo;hui et concevez, cr\u00e9ez, commercialisez et vendez des applications via notre plateforme. Vous serez la quintessence de la technologie de pointe, des outils de construction &amp; des applications pour aider des milliers d&rsquo;entreprises de logistique dans le monde entier seront la devise. Quiconque d\u00e9veloppe une technologie, qu&rsquo;il s&rsquo;agisse d&rsquo;un d\u00e9veloppeur individuel, d&rsquo;une startup ou d&rsquo;un ISV, peut rejoindre notre plateforme pour d\u00e9velopper ou int\u00e9grer le portefeuille de produits de LogixGRID et distribuer sa technologie aux clients du monde entier.<\/p>\n\n<div><a href=\"https:\/\/logixgrid.com\/fr\/developpeurs-partenaires\/\" target=\"_self\" rel=\"noopener\"><button class=\"popupaoc-button btn-layout\">Savoir Plus<\/button><\/a><\/div>\n<\/div>\n<div class=\"five columns section3-img developer\"><\/div>\n<\/div>\n<div class=\"twelve columns flex-display top-50px\">\n<div class=\"five columns section3-img referal\"><\/div>\n<div class=\"seven columns custom-width\">\n<h4 class=\"section3-subheader\">Partenaires Referents<\/h4>\n<p class=\"section3-subpara\">Consultants &amp; les conseillers qui aident leurs clients \u00e0 d\u00e9velopper des strat\u00e9gies de croissance peuvent rejoindre notre r\u00e9seau de partenaires de r\u00e9f\u00e9rence. Au fur et \u00e0 mesure que des opportunit\u00e9s de mise en \u0153uvre du syst\u00e8me LogixGRID se pr\u00e9sentent, nos partenaires de r\u00e9f\u00e9rence recommandent des solutions de notre bouquet d&rsquo;offres. Notre \u00e9quipe travaille avec des partenaires de r\u00e9f\u00e9rence pour fournir des mises \u00e0 jour continues des produits et des opportunit\u00e9s de campagnes de marketing conjointes.<\/p>\n\n<div><a href=\"https:\/\/logixgrid.com\/fr\/partenaires-referents\/\" target=\"_self\" rel=\"noopener\"><button class=\"popupaoc-button btn-layout\">Savoir Plus<\/button><\/a><\/div>\n<\/div>\n<\/div>\n<div class=\"twelve columns flex-wrap top-50px\">\n<div class=\"seven columns custom-width right-space\">\n<h4 class=\"section3-subheader\">Partenaires Strategiques<\/h4>\n<p class=\"section3-subpara\">Nos partenaires strat\u00e9giques tr\u00e8s vari\u00e9s repr\u00e9sentent non seulement leurs propres solutions, mais peuvent repr\u00e9senter ou \u00eatre \u00e9troitement li\u00e9s aux solutions LogixGRID. Les partenaires strat\u00e9giques travaillent en \u00e9troite collaboration avec notre \u00e9quipe pour explorer des opportunit\u00e9s techniques et marketing conjointes, \u00e9tablir et exploiter des relations commerciales et fournir des solutions de bout en bout enti\u00e8rement int\u00e9gr\u00e9es \u00e0 leurs utilisateurs.<\/p>\n\n<div><a href=\"https:\/\/logixgrid.com\/fr\/partenaires-strategiques\/\" target=\"_self\" rel=\"noopener\"><button class=\"popupaoc-button btn-layout\">Savoir Plus<\/button><\/a><\/div>\n<\/div>\n<div class=\"five columns section3-img strategic\"><\/div>\n<\/div>\n<\/div>\n<\/div>\n<\/section>\t\t\t\t\t\t\t\t<\/div>\n\t\t\t\t<\/div>\n\t\t\t\t\t<\/div>\n\t\t<\/div>\n\t\t\t\t\t<\/div>\n\t\t<\/section>\n\t\t\t\t<section class=\"elementor-section elementor-top-section elementor-element elementor-element-5e22079 elementor-section-boxed elementor-section-height-default elementor-section-height-default\" data-id=\"5e22079\" data-element_type=\"section\">\n\t\t\t\t\t\t<div class=\"elementor-container elementor-column-gap-default\">\n\t\t\t\t\t<div class=\"elementor-column elementor-col-100 elementor-top-column elementor-element elementor-element-b247bc1\" data-id=\"b247bc1\" data-element_type=\"column\">\n\t\t\t<div class=\"elementor-widget-wrap elementor-element-populated\">\n\t\t\t\t\t\t<div class=\"elementor-element elementor-element-f01f8c3 elementor-widget elementor-widget-text-editor\" data-id=\"f01f8c3\" data-element_type=\"widget\" data-widget_type=\"text-editor.default\">\n\t\t\t\t<div class=\"elementor-widget-container\">\n\t\t\t\t\t\t\t\t\t<section class=\"fonts-lato\">\n<div class=\"twelve columns pad-50px plr-res\">\n<div class=\"row-width\">\n<h2 class=\"section4-header text-center\">Programme PARTENAIRES Logix<\/h2>\n<div class=\"twelve columns flex-display-css top-50px\">\n<div class=\"five columns width-50\">\n<div class=\"section4-subheader\"><i>1.<\/i><\/div>\n<div class=\"section4-subpara\">B\u00e9n\u00e9fices garantis<\/div>\n<\/div>\n<div class=\"seven columns half-width\">\n<div class=\"section4-subheader\"><i>2.<\/i><\/div>\n<div class=\"section4-subpara\">Z\u00e9ro frais de partenariat<\/div>\n<\/div>\n<\/div>\n<div class=\"twelve columns flex-display-css\">\n<div class=\"five columns width-50\">\n<div class=\"section4-subheader\"><i>3.<\/i><\/div>\n<div class=\"section4-subpara\">Configuration facile sans maintenance<\/div>\n<\/div>\n<div class=\"seven columns half-width\">\n<div class=\"section4-subheader\"><i>4.<\/i><\/div>\n<div class=\"section4-subpara\">Support technique d\u00e9di\u00e9 de l&rsquo;\u00e9quipe Logixgrid<\/div>\n<\/div>\n<\/div>\n<div class=\"twelve columns flex-display-css\">\n<div class=\"five columns width-50\">\n<div class=\"section4-subheader\"><i>5.<\/i><\/div>\n<div class=\"section4-subpara\">Vous pouvez commencer \u00e0 vendre en quelques minutes tout en gagnant du temps<\/div>\n<\/div>\n<div class=\"seven columns half-width\">\n<div class=\"section4-subheader\"><i>6.<\/i><\/div>\n<div class=\"section4-subpara\">Vendre une fois pour b\u00e9n\u00e9ficier de revenus r\u00e9currents pour les ann\u00e9es \u00e0 venir<\/div>\n<\/div>\n<\/div>\n<div class=\"twelve columns flex-display-css\">\n<div class=\"five columns width-50\">\n<div class=\"section4-subheader\"><i>7.<\/i><\/div>\n<div class=\"section4-subpara\">Assistance par chat en temps r\u00e9el pour vous aider dans les impl\u00e9mentations de vos clients<\/div>\n<\/div>\n<div class=\"seven columns half-width\">\n<div class=\"section4-subheader\"><i>8.<\/i><\/div>\n<div class=\"section4-subpara\">Des solutions avec une technologie de pointe donnent le dessus lors du lancer<\/div>\n<\/div>\n<\/div>\n<div class=\"twelve columns flex-display-css\">\n<div class=\"five columns width-50\">\n<div class=\"section4-subheader\"><i>9.<\/i><\/div>\n<div class=\"section4-subpara bottom-space\">G\u00e9rer facilement les relations<\/div>\n<\/div>\n<div class=\"seven columns half-width\">\n<div class=\"section4-subheader\"><i>10.<\/i><\/div>\n<div class=\"section4-subpara mb-0\">Nous vous transmettons des pistes r\u00e9gionales<\/div>\n<\/div>\n<\/div>\n<\/div>\n<\/div>\n<\/section>\t\t\t\t\t\t\t\t<\/div>\n\t\t\t\t<\/div>\n\t\t\t\t\t<\/div>\n\t\t<\/div>\n\t\t\t\t\t<\/div>\n\t\t<\/section>\n\t\t\t\t<section class=\"elementor-section elementor-top-section elementor-element elementor-element-218e9ff elementor-section-boxed elementor-section-height-default elementor-section-height-default\" data-id=\"218e9ff\" data-element_type=\"section\">\n\t\t\t\t\t\t<div class=\"elementor-container elementor-column-gap-default\">\n\t\t\t\t\t<div class=\"elementor-column elementor-col-100 elementor-top-column elementor-element elementor-element-9acbb7a\" data-id=\"9acbb7a\" data-element_type=\"column\">\n\t\t\t<div class=\"elementor-widget-wrap elementor-element-populated\">\n\t\t\t\t\t\t<div class=\"elementor-element elementor-element-131de35 elementor-widget elementor-widget-text-editor\" data-id=\"131de35\" data-element_type=\"widget\" data-widget_type=\"text-editor.default\">\n\t\t\t\t<div class=\"elementor-widget-container\">\n\t\t\t\t\t\t\t\t\t<style>\n.boost-txt-css{color:#0e0e0e;font-size:22px;font-weight:400}.section5-layout{background:#f8f8f8;margin-bottom:-10px;padding:40px 15px}.margin-10px{margin:0 -10px}@media only screen and (min-width:1200px){.boost-txt-css{font-size:26px}}@media only screen and (min-width:768px) and (max-width:1199px){.boost-txt-css{font-size:24px;line-height:1.3}}@media only screen and (min-width:768px){.width-auto{width:auto!important}.flex-display-css,.flex-item-center{display:flex;justify-content:center}.flex-item-center{align-items:center}}@media only screen and (max-width:767px){.started-button{margin-top:20px;padding:15px 28px}}<\/style>\n\n<section class=\"fonts-lato margin-10px\">\n<div class=\"twelve columns section5-layout\">\n<div class=\"row-width flex-item-center text-center\">\n<div class=\"nine columns width-auto boost-txt-css\">Dynamisez votre activit\u00e9 logistique au niveau mondial<\/div>\n<div class=\"three columns width-auto\"><a class=\"paoc-popup-fr\" target=\"_self\"><button class=\"popupaoc-button started-button\">D\u00e9marrer<\/button><\/a><\/div>\n<\/div>\n<\/div>\n<\/section>\t\t\t\t\t\t\t\t<\/div>\n\t\t\t\t<\/div>\n\t\t\t\t\t<\/div>\n\t\t<\/div>\n\t\t\t\t\t<\/div>\n\t\t<\/section>\n\t\t\t\t<\/div>\n\t\t","protected":false},"excerpt":{"rendered":"<p>Logix Partenaires Un Programme De Partenariat Ph\u00e9nom\u00e9nal Rejoignez le puissant programme de partenariat de LogixGRID pour innover, cultiver et r\u00e9former des solutions complexes et apporter de la valeur \u00e0 vos clients\u00a0! Programme de partenariat qui favorise la croissance LogixGRID fournit les solutions LogixERP, Logix.Network, CLOBZ Sales, ORION, PULSE, WMS, eCOM \u00e0 ses clients directement et [&hellip;]<\/p>\n","protected":false},"author":1,"featured_media":0,"parent":0,"menu_order":0,"comment_status":"closed","ping_status":"closed","template":"elementor_header_footer","meta":{"content-type":"","_monsterinsights_skip_tracking":false,"_monsterinsights_sitenote_active":false,"_monsterinsights_sitenote_note":"","_monsterinsights_sitenote_category":0,"_uf_show_specific_survey":0,"_uf_disable_surveys":false,"footnotes":""},"class_list":["post-29141","page","type-page","status-publish","hentry"],"aioseo_notices":[],"_links":{"self":[{"href":"https:\/\/logixgrid.com\/fr\/wp-json\/wp\/v2\/pages\/29141","targetHints":{"allow":["GET"]}}],"collection":[{"href":"https:\/\/logixgrid.com\/fr\/wp-json\/wp\/v2\/pages"}],"about":[{"href":"https:\/\/logixgrid.com\/fr\/wp-json\/wp\/v2\/types\/page"}],"author":[{"embeddable":true,"href":"https:\/\/logixgrid.com\/fr\/wp-json\/wp\/v2\/users\/1"}],"replies":[{"embeddable":true,"href":"https:\/\/logixgrid.com\/fr\/wp-json\/wp\/v2\/comments?post=29141"}],"version-history":[{"count":17,"href":"https:\/\/logixgrid.com\/fr\/wp-json\/wp\/v2\/pages\/29141\/revisions"}],"predecessor-version":[{"id":29729,"href":"https:\/\/logixgrid.com\/fr\/wp-json\/wp\/v2\/pages\/29141\/revisions\/29729"}],"wp:attachment":[{"href":"https:\/\/logixgrid.com\/fr\/wp-json\/wp\/v2\/media?parent=29141"}],"curies":[{"name":"wp","href":"https:\/\/api.w.org\/{rel}","templated":true}]}}