{"id":29144,"date":"2020-10-10T16:04:16","date_gmt":"2020-10-10T16:04:16","guid":{"rendered":"https:\/\/logixgrid.com\/referral-partners\/"},"modified":"2024-06-10T12:54:25","modified_gmt":"2024-06-10T12:54:25","slug":"partenaires-referents","status":"publish","type":"page","link":"https:\/\/logixgrid.com\/fr\/partenaires-referents\/","title":{"rendered":"Referral Partners"},"content":{"rendered":"\t\t<div data-elementor-type=\"wp-page\" data-elementor-id=\"29144\" class=\"elementor elementor-29144 elementor-6447\">\n\t\t\t\t\t\t<section class=\"elementor-section elementor-top-section elementor-element elementor-element-511ce04 elementor-section-boxed elementor-section-height-default elementor-section-height-default\" data-id=\"511ce04\" data-element_type=\"section\">\n\t\t\t\t\t\t<div class=\"elementor-container elementor-column-gap-default\">\n\t\t\t\t\t<div class=\"elementor-column elementor-col-100 elementor-top-column elementor-element elementor-element-79f1f8d\" data-id=\"79f1f8d\" data-element_type=\"column\">\n\t\t\t<div class=\"elementor-widget-wrap elementor-element-populated\">\n\t\t\t\t\t\t<div class=\"elementor-element elementor-element-14892c7 elementor-widget elementor-widget-text-editor\" data-id=\"14892c7\" data-element_type=\"widget\" data-widget_type=\"text-editor.default\">\n\t\t\t\t<div class=\"elementor-widget-container\">\n\t\t\t\t\t\t\t\t\t<style>\n.elementor-section.elementor-section-boxed>.elementor-container{max-width:none}.elementor-column-gap-default>.elementor-row>.elementor-column>.elementor-element-populated{padding-bottom:0}.fonts-lato,h2,h4{font-family:lato}.banner-img{background:url(\"https:\/\/logixgrid.com\/wp-content\/uploads\/2021\/05\/Group-15893.png\") center no-repeat;background-size:contain;height:320px}.section1-layout{background:#f2f2f2;padding:35px 15px}.partner-icon-css{color:#0e0e0e;font-size:26px;margin-left:15px;text-transform:uppercase;vertical-align:top}.pad-res{padding-top:45px}<\/style>\n\n<section class=\"fonts-lato margin-css\">\n<div class=\"twelve columns section1-layout\">\n<div class=\"row-width text-center\">\n<div class=\"five columns banner-img full-width\"><\/div>\n<div class=\"seven columns full-width pad-res\">\n<div><img decoding=\"async\" class=\"size-full wp-image-8696 logo-res\" src=\"https:\/\/logixgrid.com\/wp-content\/uploads\/2020\/11\/Logix-Partner-Icon.png\" alt=\"Referral Partners\" width=\"45\" height=\"48\" srcset=\"https:\/\/logixgrid.com\/wp-content\/uploads\/2020\/11\/Logix-Partner-Icon.png 299w, https:\/\/logixgrid.com\/wp-content\/uploads\/2020\/11\/Logix-Partner-Icon-279x300.png 279w\" sizes=\"(max-width: 45px) 100vw, 45px\" \/>\n<span class=\"partner-icon-css\">Logix Partenaires<\/span><\/div>\n<h2 class=\"section1-header\">Partenaires R\u00e9f\u00e9rents<\/h2>\n<p class=\"section1-para\">Faites partie du programme de partenaires de r\u00e9f\u00e9rence esth\u00e9tique qui ajoute de la valeur \u00e0 vos comp\u00e9tences et vous aide \u00e0 gagner des commissions.<\/p>\n\n<\/div>\n<\/div>\n<\/div>\n<\/section>\t\t\t\t\t\t\t\t<\/div>\n\t\t\t\t<\/div>\n\t\t\t\t\t<\/div>\n\t\t<\/div>\n\t\t\t\t\t<\/div>\n\t\t<\/section>\n\t\t\t\t<section class=\"elementor-section elementor-top-section elementor-element elementor-element-4e0c655 elementor-section-boxed elementor-section-height-default elementor-section-height-default\" data-id=\"4e0c655\" data-element_type=\"section\">\n\t\t\t\t\t\t<div class=\"elementor-container elementor-column-gap-default\">\n\t\t\t\t\t<div class=\"elementor-column elementor-col-100 elementor-top-column elementor-element elementor-element-abba5ec\" data-id=\"abba5ec\" data-element_type=\"column\">\n\t\t\t<div class=\"elementor-widget-wrap elementor-element-populated\">\n\t\t\t\t\t\t<div class=\"elementor-element elementor-element-9f9ec2f elementor-widget elementor-widget-text-editor\" data-id=\"9f9ec2f\" data-element_type=\"widget\" data-widget_type=\"text-editor.default\">\n\t\t\t\t<div class=\"elementor-widget-container\">\n\t\t\t\t\t\t\t\t\t<style>.margin-css{margin:-10px -10px 0}.section1-header{color:#446b8f;font-size:35px;font-weight:400;margin-top:24px;text-transform:uppercase}.section2-header,.section3-header{color:#535962;font-size:29px;font-weight:400}.section1-para,.section2-para{color:#0e0e0e;font-size:19px;line-height:26px}.section2-para{padding:5px 29px 0}.section2-subheader{color:#ffc42f;font-size:22px;font-weight:600;padding-bottom:15px}.section2-subpara{color:#0e0e0e;font-size:17px;line-height:24px;padding-top:15px}.section2-box{border:1px solid #ddd;border-radius:10px;padding-bottom:26px}.section2-box:hover{background:#f8f8f8;border:1px solid transparent;transition:.4s ease}.section2-box:hover .section2-subheader{color:#60639a;transition:.4s ease}.section3-header{margin-top:55px;margin-bottom:0}.section3-box{background:#efefef;border:1px solid #ccc;border-radius:40px;color:#60639a;font-size:17px;font-weight:600;padding:10px 15px}.section3-box:hover{background:#60639a;color:#fff}.pad-35px{padding-top:35px;padding-bottom:35px}.pad-50px{padding-top:50px;padding-bottom:50px}.pad-10px{padding:10px 0}.pa-0{padding:0}.top-29px{margin-top:29px}.pb-0{padding-bottom:0!important}<\/style>\n\n<section class=\"fonts-lato margin-10px\">\n<div class=\"twelve columns\">\n<div class=\"row-width text-center\">\n<h2 class=\"section2-header pad-10px\">Pourquoi devenir un partenaire de r\u00e9f\u00e9rence?<\/h2>\n<p class=\"section2-para\">Si vous avez de bonnes comp\u00e9tences en mati\u00e8re de vente, de technique et de marketing, ne manquez pas l&rsquo;occasion de faire passer votre croissance personnelle au niveau sup\u00e9rieur en vous r\u00e9f\u00e9rant aux solutions LogixGRID. De plus, vous pouvez percevoir des commissions r\u00e9currentes pour chaque client que vous amenez et qui int\u00e8gre la plateforme SaaS de LogixGRID. Notre suite commerciale permet \u00e0 un partenaire de r\u00e9f\u00e9rencement de proposer des solutions plus personnalis\u00e9es et unifi\u00e9es aux entreprises, en les aidant \u00e0 \u00e9tablir les meilleures pratiques commerciales et \u00e0 garder une longueur d&rsquo;avance sur la concurrence.<\/p>\n\n<div class=\"twelve columns flex-display pad-50px\">\n<div class=\"four columns section2-box\">\n<h4 class=\"section2-subheader\">Opportunit\u00e9s De<br>\nVente<\/h4>\n<img decoding=\"async\" class=\"size-medium wp-image-6428 aligncenter\" src=\"https:\/\/logixgrid.com\/wp-content\/uploads\/2020\/10\/Sales-opportunities-289x300.png\" alt=\"Sales opportunities\" width=\"100\" height=\"104\" srcset=\"https:\/\/logixgrid.com\/wp-content\/uploads\/2020\/10\/Sales-opportunities-289x300.png 289w, https:\/\/logixgrid.com\/wp-content\/uploads\/2020\/10\/Sales-opportunities-500x519.png 500w, https:\/\/logixgrid.com\/wp-content\/uploads\/2020\/10\/Sales-opportunities.png 599w\" sizes=\"(max-width: 100px) 100vw, 100px\" \/>\n<p class=\"section2-subpara\">Atteignez vos objectifs et gagnez des revenus r\u00e9currents en plus de vos revenus existants en devenant nos partenaires de r\u00e9f\u00e9rence.<\/p>\n\n<\/div>\n<div class=\"four columns section2-box ma-20\">\n<h4 class=\"section2-subheader\">Am\u00e9liorer les comp\u00e9tences en affaires<\/h4>\n<img decoding=\"async\" class=\"size-medium wp-image-6430 aligncenter\" src=\"https:\/\/logixgrid.com\/wp-content\/uploads\/2020\/10\/Upgrade-Business-Skills-290x300.png\" alt=\"Upgrade Business Skills\" width=\"100\" height=\"103\" srcset=\"https:\/\/logixgrid.com\/wp-content\/uploads\/2020\/10\/Upgrade-Business-Skills-290x300.png 290w, https:\/\/logixgrid.com\/wp-content\/uploads\/2020\/10\/Upgrade-Business-Skills-500x517.png 500w, https:\/\/logixgrid.com\/wp-content\/uploads\/2020\/10\/Upgrade-Business-Skills.png 617w\" sizes=\"(max-width: 100px) 100vw, 100px\" \/>\n<p class=\"section2-subpara\">Pendant que vous parrainez, vous am\u00e9liorez constamment vos comp\u00e9tences en affaires &#038; faire un pas de plus pour \u00eatre dans le plus haut degr\u00e9 de partenariat.<\/p>\n\n<\/div>\n<div class=\"four columns section2-box\">\n<h4 class=\"section2-subheader\">Habilitation Des\n<br>Partenaires<\/h4>\n<img loading=\"lazy\" decoding=\"async\" class=\"size-medium wp-image-6429 aligncenter\" src=\"https:\/\/logixgrid.com\/wp-content\/uploads\/2020\/10\/Partner-enablement-298x300.png\" alt=\"Partner enablement\" width=\"100\" height=\"101\" srcset=\"https:\/\/logixgrid.com\/wp-content\/uploads\/2020\/10\/Partner-enablement-298x300.png 298w, https:\/\/logixgrid.com\/wp-content\/uploads\/2020\/10\/Partner-enablement-150x150.png 150w, https:\/\/logixgrid.com\/wp-content\/uploads\/2020\/10\/Partner-enablement-500x500.png 500w, https:\/\/logixgrid.com\/wp-content\/uploads\/2020\/10\/Partner-enablement.png 630w\" sizes=\"(max-width: 100px) 100vw, 100px\" \/>\n<p class=\"section2-subpara\">Un soutien collaboratif pour une planification commerciale conjointe afin de tirer le meilleur parti de notre partenariat.<\/p>\n\n<\/div>\n<\/div>\n<\/div>\n<\/div>\n<\/section>\t\t\t\t\t\t\t\t<\/div>\n\t\t\t\t<\/div>\n\t\t\t\t\t<\/div>\n\t\t<\/div>\n\t\t\t\t\t<\/div>\n\t\t<\/section>\n\t\t\t\t<section class=\"elementor-section elementor-top-section elementor-element elementor-element-0fc5447 elementor-section-boxed elementor-section-height-default elementor-section-height-default\" data-id=\"0fc5447\" data-element_type=\"section\">\n\t\t\t\t\t\t<div class=\"elementor-container elementor-column-gap-default\">\n\t\t\t\t\t<div class=\"elementor-column elementor-col-100 elementor-top-column elementor-element elementor-element-c230c4a\" data-id=\"c230c4a\" data-element_type=\"column\">\n\t\t\t<div class=\"elementor-widget-wrap elementor-element-populated\">\n\t\t\t\t\t\t<div class=\"elementor-element elementor-element-9ac330a elementor-widget elementor-widget-text-editor\" data-id=\"9ac330a\" data-element_type=\"widget\" data-widget_type=\"text-editor.default\">\n\t\t\t\t<div class=\"elementor-widget-container\">\n\t\t\t\t\t\t\t\t\t<style>\n@media only screen and (min-width:1350px){.section1-layout{padding-right:50px}}@media only screen and (min-width:1200px){.section2-header,.section3-header{font-size:31px}.section1-para{font-size:24px;line-height:28px}.partner-icon-css{font-size:29px}.section3-box{font-size:19px;width:55%}.section2-para{padding:5px 85px 0}.section2-subpara{font-size:19px;line-height:28px}.section2-box{width:28%}.width-41{width:41%}.pad-res{padding-top:55px}}@media only screen and (min-width:992px) and (max-width:1199px){.section2-box{width:31%}.banner-img{height:280px}}@media only screen and (min-width:992px){.flex-display{display:flex;justify-content:center}.ma-20{margin:0 20px}.left-space{margin-left:15px;width:33%}}@media only screen and (max-width:991px){.section2-box,.section3-box{float:none!important;margin:auto;max-width:100%;width:400px!important}.section3-box{width:535px!important}.ma-20{margin:40px auto!important}.left-space{margin-top:29px}}@media only screen and (min-width:768px) and (max-width:991px){.full-width{width:100%!important}}@media only screen and (max-width:767px){.section2-para{padding:5px 0 0}.section1-header,.section2-header,.section3-header{font-size:26px;line-height:35px}.section1-para,.section2-para{font-size:17px;line-height:24px}.section3-box{line-height:24px}}@media only screen and (max-width:450px){.section1-header{text-transform:capitalize}.logo-res{width:40px}.partner-icon-css{font-size:24px}.banner-img{height:260px}}<\/style>\n\n<section class=\"fonts-lato margin-10px\">\n<div class=\"twelve columns bg-light\">\n<div class=\"row-width text-center\">\n<h3 class=\"section3-header\">Que faut-il pour \u00eatre un partenaire de r\u00e9f\u00e9rence?<\/h3>\n<div class=\"twelve columns pad-50px\">\n<div class=\"twelve columns flex-display pa-0\">\n<div class=\"seven columns section3-box\">Solides comp\u00e9tences en affaires avec une ma\u00eetrise de la langue locale et de l&rsquo;anglais<\/div>\n<div class=\"five columns section3-box left-space\">Grande capacit\u00e9 de conviction<\/div>\n<\/div>\n<div class=\"twelve columns flex-display top-29px pa-0\">\n<div class=\"six columns section3-box width-41\">Connaissance des produits et assistance de LogixGRID<\/div>\n<\/div>\n<\/div>\n<\/div>\n<\/div>\n<\/section>\t\t\t\t\t\t\t\t<\/div>\n\t\t\t\t<\/div>\n\t\t\t\t\t<\/div>\n\t\t<\/div>\n\t\t\t\t\t<\/div>\n\t\t<\/section>\n\t\t\t\t<section class=\"elementor-section elementor-top-section elementor-element elementor-element-03c409d elementor-section-boxed elementor-section-height-default elementor-section-height-default\" data-id=\"03c409d\" data-element_type=\"section\">\n\t\t\t\t\t\t<div class=\"elementor-container elementor-column-gap-default\">\n\t\t\t\t\t<div class=\"elementor-column elementor-col-100 elementor-top-column elementor-element elementor-element-4c8f8a7\" data-id=\"4c8f8a7\" data-element_type=\"column\">\n\t\t\t<div class=\"elementor-widget-wrap elementor-element-populated\">\n\t\t\t\t\t\t<div class=\"elementor-element elementor-element-420ae21 elementor-widget elementor-widget-text-editor\" data-id=\"420ae21\" data-element_type=\"widget\" data-widget_type=\"text-editor.default\">\n\t\t\t\t<div class=\"elementor-widget-container\">\n\t\t\t\t\t\t\t\t\t<style>.boost-txt-css{color:#0e0e0e;font-size:22px;font-weight:400}.section4-layout{margin-top:-20px;padding:40px 15px 45px}.margin-10px{margin:0 -10px}@media only screen and (min-width:992px){.width-auto,.boost-txt-css{width:auto!important}.flex-item-center{display:flex;align-items:center;justify-content:center}.boost-txt-css{line-height:1.3}}@media only screen and (min-width:768px) and (max-width:1199px){.boost-txt-css{font-size:21px}}@media only screen and (max-width:991px){.started-button{margin-top:20px}}@media only screen and (max-width:767px){.started-button{padding:15px 28px}}<\/style>\n\n<section class=\"fonts-lato margin-10px\">\n<div class=\"row-width text-center\">\n<div class=\"twelve columns flex-item-center section4-layout\">\n<div class=\"nine columns boost-txt-css full-width\"><a href=\"https:\/\/partners.logixplatform.com\/home\">Rejoignez-nous<\/a> aujourd&rsquo;hui, faites partie de quelque chose d&rsquo;excitant &amp; incroyable et gagne gros<\/div>\n<div class=\"three columns width-auto full-width\"><a class=\"paoc-popup-fr\" target=\"_self\"><button class=\"popupaoc-button started-button\">D\u00e9marrer<\/button><\/a><\/div>\n<\/div>\n<\/div>\n<\/section>\t\t\t\t\t\t\t\t<\/div>\n\t\t\t\t<\/div>\n\t\t\t\t\t<\/div>\n\t\t<\/div>\n\t\t\t\t\t<\/div>\n\t\t<\/section>\n\t\t\t\t<\/div>\n\t\t","protected":false},"excerpt":{"rendered":"<p>Logix Partenaires Partenaires R\u00e9f\u00e9rents Faites partie du programme de partenaires de r\u00e9f\u00e9rence esth\u00e9tique qui ajoute de la valeur \u00e0 vos comp\u00e9tences et vous aide \u00e0 gagner des commissions. Pourquoi devenir un partenaire de r\u00e9f\u00e9rence? Si vous avez de bonnes comp\u00e9tences en mati\u00e8re de vente, de technique et de marketing, ne manquez pas l&rsquo;occasion de faire [&hellip;]<\/p>\n","protected":false},"author":1,"featured_media":0,"parent":0,"menu_order":0,"comment_status":"closed","ping_status":"closed","template":"elementor_header_footer","meta":{"content-type":"","_monsterinsights_skip_tracking":false,"_monsterinsights_sitenote_active":false,"_monsterinsights_sitenote_note":"","_monsterinsights_sitenote_category":0,"_uf_show_specific_survey":0,"_uf_disable_surveys":false,"footnotes":""},"class_list":["post-29144","page","type-page","status-publish","hentry"],"aioseo_notices":[],"_links":{"self":[{"href":"https:\/\/logixgrid.com\/fr\/wp-json\/wp\/v2\/pages\/29144","targetHints":{"allow":["GET"]}}],"collection":[{"href":"https:\/\/logixgrid.com\/fr\/wp-json\/wp\/v2\/pages"}],"about":[{"href":"https:\/\/logixgrid.com\/fr\/wp-json\/wp\/v2\/types\/page"}],"author":[{"embeddable":true,"href":"https:\/\/logixgrid.com\/fr\/wp-json\/wp\/v2\/users\/1"}],"replies":[{"embeddable":true,"href":"https:\/\/logixgrid.com\/fr\/wp-json\/wp\/v2\/comments?post=29144"}],"version-history":[{"count":21,"href":"https:\/\/logixgrid.com\/fr\/wp-json\/wp\/v2\/pages\/29144\/revisions"}],"predecessor-version":[{"id":39117,"href":"https:\/\/logixgrid.com\/fr\/wp-json\/wp\/v2\/pages\/29144\/revisions\/39117"}],"wp:attachment":[{"href":"https:\/\/logixgrid.com\/fr\/wp-json\/wp\/v2\/media?parent=29144"}],"curies":[{"name":"wp","href":"https:\/\/api.w.org\/{rel}","templated":true}]}}