{"id":29148,"date":"2020-10-10T16:13:24","date_gmt":"2020-10-10T16:13:24","guid":{"rendered":"https:\/\/logixgrid.com\/strategic-partners\/"},"modified":"2022-03-16T14:01:32","modified_gmt":"2022-03-16T14:01:32","slug":"partenaires-strategiques","status":"publish","type":"page","link":"https:\/\/logixgrid.com\/fr\/partenaires-strategiques\/","title":{"rendered":"Strategic Partners"},"content":{"rendered":"\t\t<div data-elementor-type=\"wp-page\" data-elementor-id=\"29148\" class=\"elementor elementor-29148 elementor-6448\">\n\t\t\t\t\t\t<section class=\"elementor-section elementor-top-section elementor-element elementor-element-0425457 elementor-section-boxed elementor-section-height-default elementor-section-height-default\" data-id=\"0425457\" data-element_type=\"section\">\n\t\t\t\t\t\t<div class=\"elementor-container elementor-column-gap-default\">\n\t\t\t\t\t<div class=\"elementor-column elementor-col-100 elementor-top-column elementor-element elementor-element-33cd5d4\" data-id=\"33cd5d4\" data-element_type=\"column\">\n\t\t\t<div class=\"elementor-widget-wrap elementor-element-populated\">\n\t\t\t\t\t\t<div class=\"elementor-element elementor-element-8913e17 elementor-widget elementor-widget-text-editor\" data-id=\"8913e17\" data-element_type=\"widget\" data-widget_type=\"text-editor.default\">\n\t\t\t\t<div class=\"elementor-widget-container\">\n\t\t\t\t\t\t\t\t\t<style>\n.elementor-section.elementor-section-boxed>.elementor-container{max-width:none}.elementor-column-gap-default>.elementor-row>.elementor-column>.elementor-element-populated{padding-bottom:0}.fonts-lato,h2,h4{font-family:lato}.banner-img{background:url(\"https:\/\/logixgrid.com\/wp-content\/uploads\/2021\/05\/Wavy_Tech-31_Single-07-Converted.png\") center no-repeat;background-size:contain;height:320px}.section1-layout{background:#f4f7fa;padding:35px 15px}.partner-icon-css{color:#0e0e0e;font-size:26px;margin-left:15px;text-transform:uppercase;vertical-align:top}.pad-res{padding-top:45px}<\/style>\n\n<section class=\"fonts-lato margin-css\">\n<div class=\"twelve columns section1-layout\">\n<div class=\"row-width text-center\">\n<div class=\"five columns banner-img full-width\"><\/div>\n<div class=\"seven columns full-width pad-res\">\n<div><img decoding=\"async\" class=\"size-full wp-image-8696 logo-res\" src=\"https:\/\/logixgrid.com\/wp-content\/uploads\/2020\/11\/Logix-Partner-Icon.png\" alt=\"Logix Partner Icon\" width=\"45\" height=\"48\" srcset=\"https:\/\/logixgrid.com\/wp-content\/uploads\/2020\/11\/Logix-Partner-Icon.png 299w, https:\/\/logixgrid.com\/wp-content\/uploads\/2020\/11\/Logix-Partner-Icon-279x300.png 279w\" sizes=\"(max-width: 45px) 100vw, 45px\" \/>\n<span class=\"partner-icon-css\">Logix Partenaires<\/span><\/div>\n<h2 class=\"section1-header\">Partenaires Strat\u00e9giques<\/h2>\n<p class=\"section1-para\">Rejoignez l&rsquo;un des programmes de partenaires strat\u00e9giques \u00e0 la croissance la plus rapide et explorez de nouvelles opportunit\u00e9s commerciales.<\/p>\n\n<\/div>\n<\/div>\n<\/div>\n<\/section>\t\t\t\t\t\t\t\t<\/div>\n\t\t\t\t<\/div>\n\t\t\t\t\t<\/div>\n\t\t<\/div>\n\t\t\t\t\t<\/div>\n\t\t<\/section>\n\t\t\t\t<section class=\"elementor-section elementor-top-section elementor-element elementor-element-58c315c elementor-section-boxed elementor-section-height-default elementor-section-height-default\" data-id=\"58c315c\" data-element_type=\"section\">\n\t\t\t\t\t\t<div class=\"elementor-container elementor-column-gap-default\">\n\t\t\t\t\t<div class=\"elementor-column elementor-col-100 elementor-top-column elementor-element elementor-element-5ac7f91\" data-id=\"5ac7f91\" data-element_type=\"column\">\n\t\t\t<div class=\"elementor-widget-wrap elementor-element-populated\">\n\t\t\t\t\t\t<div class=\"elementor-element elementor-element-5e1ab2b elementor-widget elementor-widget-text-editor\" data-id=\"5e1ab2b\" data-element_type=\"widget\" data-widget_type=\"text-editor.default\">\n\t\t\t\t<div class=\"elementor-widget-container\">\n\t\t\t\t\t\t\t\t\t<style>.margin-css{margin:-10px -10px 0}.section1-header{color:#446b8f;font-size:35px;font-weight:400;margin-top:24px;text-transform:uppercase}.section2-header,.section3-header{color:#535962;font-size:29px;font-weight:400}.section1-para,.section2-para{color:#0e0e0e;font-size:19px;line-height:26px}.section2-para{padding:5px 29px 0}.section2-subheader{color:#ffc42f;font-size:22px;font-weight:600;padding-bottom:15px}.section2-subpara{color:#0e0e0e;font-size:17px;line-height:24px;padding-top:15px}.section2-box{border:1px solid #ddd;border-radius:10px;padding-bottom:26px}.section2-box:hover{background:#f8f8f8;border:1px solid transparent;transition:.4s ease}.section2-box:hover .section2-subheader{color:#60639a;transition:.4s ease}.section3-header{margin-top:55px;margin-bottom:0}.section3-box{background:#efefef;border:1px solid #ccc;border-radius:40px;color:#60639a;font-size:17px;font-weight:600;padding:10px 15px}.section3-box:hover{background:#60639a;color:#fff}.top-40{margin-top:40px}.pad-35px{padding-top:35px;padding-bottom:35px}.pad-50px{padding-top:50px;padding-bottom:50px}.pad-10px{padding:10px 0}.pa-0{padding:0}.top-29px{margin-top:29px}.pt-50{padding-top:50px}.pb-50{padding-bottom:50px}.pb-0{padding-bottom:0!important}<\/style>\n\n<section class=\"fonts-lato margin-10px\">\n<div class=\"twelve columns pb-50\">\n<div class=\"row-width text-center\">\n<h2 class=\"section2-header pad-10px\">Pourquoi devenir Partenaire Strat\u00e9gique?<\/h2>\n<p class=\"section2-para\">Le programme Strategic Partners consiste en un \u00e9cosyst\u00e8me collaboratif d&rsquo;organisations mondiales form\u00e9es et certifi\u00e9es, dot\u00e9es d&rsquo;une solide expertise sectorielle et sectorielle. Soyez notre partenaire strat\u00e9gique pour ajouter une valeur exceptionnelle \u00e0 votre entreprise via les solutions LogixGRID avec son retour sur investissement rapide pour les clients &amp; une place de march\u00e9 florissante. LogixGRID travaille en \u00e9troite collaboration avec notre partenaire strat\u00e9gique pour co-cr\u00e9er des solutions qui acc\u00e9l\u00e8rent les innovations num\u00e9riques et cr\u00e9ent des entreprises p\u00e9rennes.<\/p>\n\n<div class=\"twelve columns flex-display pt-50\">\n<div class=\"six columns section2-box\">\n<h4 class=\"section2-subheader\">Offrir une consultation d\u2019affaires<\/h4>\n<img decoding=\"async\" class=\"size-full wp-image-6434 aligncenter\" src=\"https:\/\/logixgrid.com\/wp-content\/uploads\/2020\/10\/Offer-Business-Consultation.png\" alt=\"Offer Business Consultation\" width=\"100\" height=\"100\" srcset=\"https:\/\/logixgrid.com\/wp-content\/uploads\/2020\/10\/Offer-Business-Consultation.png 632w, https:\/\/logixgrid.com\/wp-content\/uploads\/2020\/10\/Offer-Business-Consultation-300x300.png 300w, https:\/\/logixgrid.com\/wp-content\/uploads\/2020\/10\/Offer-Business-Consultation-150x150.png 150w, https:\/\/logixgrid.com\/wp-content\/uploads\/2020\/10\/Offer-Business-Consultation-500x500.png 500w\" sizes=\"(max-width: 100px) 100vw, 100px\" \/>\n<p class=\"section2-subpara\">Tirez parti de votre technique &amp; expertise commerciale pour fournir des services professionnels tels que la consultation, la vente, la personnalisation et la mise en \u0153uvre des produits LogixGRID SaaS aux entreprises du monde entier pour les aider \u00e0 pr\u00e9parer l&rsquo;avenir et leur permettre d&rsquo;acc\u00e9l\u00e9rer leur transformation num\u00e9rique avec nos solutions.<\/p>\n\n<\/div>\n<div class=\"six columns section2-box ma-20\">\n<h4 class=\"section2-subheader\">Co-d\u00e9velopper Des Solutions D&rsquo;Affaires<\/h4>\n<img decoding=\"async\" class=\"aligncenter size-full wp-image-6414\" src=\"https:\/\/logixgrid.com\/wp-content\/uploads\/2020\/10\/Co-develop-Business-Solutions.png\" alt=\"Co-develop Business Solutions\" width=\"82\" height=\"102\" srcset=\"https:\/\/logixgrid.com\/wp-content\/uploads\/2020\/10\/Co-develop-Business-Solutions.png 538w, https:\/\/logixgrid.com\/wp-content\/uploads\/2020\/10\/Co-develop-Business-Solutions-242x300.png 242w, https:\/\/logixgrid.com\/wp-content\/uploads\/2020\/10\/Co-develop-Business-Solutions-500x620.png 500w\" sizes=\"(max-width: 82px) 100vw, 82px\" \/>\n<p class=\"section2-subpara\">Cr\u00e9ez, g\u00e9rez et fournissez la bonne solution \u00e0 partir du bouquet de produits LogixGRID pour des secteurs verticaux sp\u00e9cifiques afin de r\u00e9pondre aux normes de l&rsquo;industrie qui se concentrent sur les fonctionnalit\u00e9s commerciales.<\/p>\n\n<\/div>\n<\/div>\n<div class=\"twelve columns flex-display top-40\">\n<div class=\"six columns section2-box\">\n<h4 class=\"section2-subheader\">D\u00e9veloppez Votre Port\u00e9e<\/h4>\n<img loading=\"lazy\" decoding=\"async\" class=\"aligncenter size-full wp-image-6416\" src=\"https:\/\/logixgrid.com\/wp-content\/uploads\/2020\/10\/Expand-Your-Reach.png\" alt=\"Expand Your Reach\" width=\"100\" height=\"100\" srcset=\"https:\/\/logixgrid.com\/wp-content\/uploads\/2020\/10\/Expand-Your-Reach.png 482w, https:\/\/logixgrid.com\/wp-content\/uploads\/2020\/10\/Expand-Your-Reach-300x300.png 300w, https:\/\/logixgrid.com\/wp-content\/uploads\/2020\/10\/Expand-Your-Reach-150x150.png 150w\" sizes=\"(max-width: 100px) 100vw, 100px\" \/>\n<p class=\"section2-subpara\">Influencez l&rsquo;expertise de votre industrie et de votre domaine avec nos solutions simples et \u00e9volutives. Grandissez avec nous &#8211; actuellement, plus de 10 000 utilisateurs \u00e0 travers le monde font confiance et gagnez des clients \u00e0 vie.<\/p>\n\n<\/div>\n<div class=\"six columns section2-box ma-20\">\n<h4 class=\"section2-subheader\">R\u00e9f\u00e9rez-vous \u00e0 Vos Clients<\/h4>\n<img loading=\"lazy\" decoding=\"async\" class=\"aligncenter size-full wp-image-6457\" src=\"https:\/\/logixgrid.com\/wp-content\/uploads\/2020\/10\/Refer-To-Your-Clients.png\" alt=\"Refer To Your Clients\" width=\"100\" height=\"100\" srcset=\"https:\/\/logixgrid.com\/wp-content\/uploads\/2020\/10\/Refer-To-Your-Clients.png 483w, https:\/\/logixgrid.com\/wp-content\/uploads\/2020\/10\/Refer-To-Your-Clients-300x300.png 300w, https:\/\/logixgrid.com\/wp-content\/uploads\/2020\/10\/Refer-To-Your-Clients-150x150.png 150w\" sizes=\"(max-width: 100px) 100vw, 100px\" \/>\n<p class=\"section2-subpara\">Habiliter &amp; encouragez vos clients en leur r\u00e9f\u00e9rant les produits SaaS bas\u00e9s sur le cloud de LogixGRID qui fournissent des automatisations et une mon\u00e9tisation compl\u00e8tes avec une prise en main compl\u00e8te des op\u00e9rations commerciales qui sont pr\u00eates \u00e0 l&#8217;emploi, faciles \u00e0 utiliser et offrent un retour sur investissement garanti.<\/p>\n\n<\/div>\n<\/div>\n<\/div>\n<\/div>\n<\/section>\t\t\t\t\t\t\t\t<\/div>\n\t\t\t\t<\/div>\n\t\t\t\t\t<\/div>\n\t\t<\/div>\n\t\t\t\t\t<\/div>\n\t\t<\/section>\n\t\t\t\t<section class=\"elementor-section elementor-top-section elementor-element elementor-element-3579906 elementor-section-boxed elementor-section-height-default elementor-section-height-default\" data-id=\"3579906\" data-element_type=\"section\">\n\t\t\t\t\t\t<div class=\"elementor-container elementor-column-gap-default\">\n\t\t\t\t\t<div class=\"elementor-column elementor-col-100 elementor-top-column elementor-element elementor-element-4fd73a4\" data-id=\"4fd73a4\" data-element_type=\"column\">\n\t\t\t<div class=\"elementor-widget-wrap elementor-element-populated\">\n\t\t\t\t\t\t<div class=\"elementor-element elementor-element-f7dd5f1 elementor-widget elementor-widget-text-editor\" data-id=\"f7dd5f1\" data-element_type=\"widget\" data-widget_type=\"text-editor.default\">\n\t\t\t\t<div class=\"elementor-widget-container\">\n\t\t\t\t\t\t\t\t\t<style>\n@media only screen and (min-width:1350px){.section1-layout{padding-right:50px}}@media only screen and (min-width:1200px){.section2-header,.section3-header{font-size:31px}.section1-para{font-size:24px;line-height:28px}.partner-icon-css{font-size:29px}.section3-box{font-size:19px;width:44%}.section2-para{padding:5px 85px 0}.section2-subpara{font-size:19px;line-height:28px}.section2-box,.width-37{width:37%}.pad-res{padding-top:55px}}@media only screen and (min-width:992px) and (max-width:1199px){.section2-box,.section3-box{width:48%!important}.banner-img{height:280px}.left-space{width:45%}}@media only screen and (min-width:992px){.flex-display{display:flex;justify-content:center}.ma-20{margin-left:20px}.left-space{margin-left:15px}}@media only screen and (max-width:991px){.section2-box,.section3-box{float:none!important;margin:auto;max-width:100%;width:400px!important}.section3-box{width:535px!important}.ma-20{margin:40px auto 0!important}.left-space{margin-top:29px}}@media only screen and (min-width:768px) and (max-width:991px){.full-width{width:100%!important}}@media only screen and (max-width:767px){.section2-para{padding:5px 0 0}.section1-header,.section2-header,.section3-header{font-size:26px;line-height:35px}.section1-para,.section2-para{font-size:17px;line-height:24px}.section3-box{line-height:24px}}@media only screen and (max-width:450px){.section1-header{text-transform:capitalize}.logo-res{width:40px}.partner-icon-css{font-size:24px}.banner-img{height:260px}}<\/style>\n\n<section class=\"fonts-lato margin-10px\">\n<div class=\"twelve columns bg-light\">\n<div class=\"row-width text-center\">\n<h3 class=\"section3-header\">Que faut-il pour \u00eatre un partenaire strat\u00e9gique?<\/h3>\n<div class=\"twelve columns pad-50px\">\n<div class=\"twelve columns flex-display pa-0\">\n<div class=\"five columns section3-box width-37\">Pr\u00e9sence reconnue dans toute la g\u00e9ographie<\/div>\n<div class=\"seven columns section3-box left-space\">Solide \u00e9thique commerciale et exp\u00e9rience technique<\/div>\n<\/div>\n<div class=\"twelve columns flex-display top-29px pa-0\">\n<div class=\"six columns section3-box\">Formation et certification de LogixGRID<\/div>\n<\/div>\n<\/div>\n<\/div>\n<\/div>\n<\/section>\t\t\t\t\t\t\t\t<\/div>\n\t\t\t\t<\/div>\n\t\t\t\t\t<\/div>\n\t\t<\/div>\n\t\t\t\t\t<\/div>\n\t\t<\/section>\n\t\t\t\t<section class=\"elementor-section elementor-top-section elementor-element elementor-element-3dcb2d0 elementor-section-boxed elementor-section-height-default elementor-section-height-default\" data-id=\"3dcb2d0\" data-element_type=\"section\">\n\t\t\t\t\t\t<div class=\"elementor-container elementor-column-gap-default\">\n\t\t\t\t\t<div class=\"elementor-column elementor-col-100 elementor-top-column elementor-element elementor-element-39f06be\" data-id=\"39f06be\" data-element_type=\"column\">\n\t\t\t<div class=\"elementor-widget-wrap elementor-element-populated\">\n\t\t\t\t\t\t<div class=\"elementor-element elementor-element-7e825ef elementor-widget elementor-widget-text-editor\" data-id=\"7e825ef\" data-element_type=\"widget\" data-widget_type=\"text-editor.default\">\n\t\t\t\t<div class=\"elementor-widget-container\">\n\t\t\t\t\t\t\t\t\t<style>\n.section-4{text-align:center;padding-bottom:60px;font-family:lato}.fa-chevron-down{font-size:20px;padding-left:6px}.section-4-anchor{font-weight:400;margin:auto;color:#000!important;font-size:24px;padding:50px;font-family:lato}.section-4-heading{padding:25px 0 30px;text-align:center;font-size:33px;font-weight:500;font-family:lato}@media only screen and (max-width:1199px) and (min-width:992px){.section-4-heading{font-size:33px}.section-4-anchor{font-size:24px}}@media only screen and (max-width:991px) and (min-width:768px){.section-4{padding:0 0 25px 0}.section-4-heading{font-size:27px;padding-top:0}.section-4-anchor{font-size:21px}.fa-chevron-down{font-size:16px}}@media only screen and (max-width:767px) and (min-width:468px){.section-4{padding:0 0 25px 0}.section-4-heading{font-size:27px;padding-top:0}.section-4-anchor{font-size:22px}.fa-chevron-down{font-size:18px}}@media only screen and (max-width:467px){.section-4{padding:0 0 25px 0}.section-4-heading{font-size:27px;padding-top:0;padding-bottom:10px}.section-4-anchor{font-size:18px}.fa-chevron-down{font-size:14px}}<\/style>\n<div class=\"twelve columns section-4\" style=\"display:none\">\n<h3 class=\"section-4-heading\">Developer Partners<\/h3>\n<div class=\"twelve columns\">\n<div class=\"three columns\"><img decoding=\"async\" class=\"size-full wp-image-3766\" title=\"ecommerce 2\" src=\"https:\/\/logixgrid.com\/wp-content\/uploads\/2020\/06\/ecommerce-2.png\" alt=\"dhl-logo\" width=\"\" height=\"140\"><\/div>\n<div class=\"three columns\"><img decoding=\"async\" class=\"size-full wp-image-3781\" title=\"ups 1\" src=\"https:\/\/logixgrid.com\/wp-content\/uploads\/2020\/06\/ups-1.png\" alt=\"UPS-logo\" width=\"\" height=\"140\"><\/div>\n<div class=\"three columns\"><img decoding=\"async\" class=\"size-full wp-image-3760\" title=\"amazon 3\" src=\"https:\/\/logixgrid.com\/wp-content\/uploads\/2020\/06\/amazon-3.png\" alt=\"Amazon-logo\" width=\"\" height=\"140\"><\/div>\n<div class=\"three columns\"><img decoding=\"async\" class=\"size-full wp-image-3765\" title=\"ecom 2\" src=\"https:\/\/logixgrid.com\/wp-content\/uploads\/2020\/06\/ecom-2.png\" alt=\"ecomExpress-logo\" width=\"\" height=\"140\"><\/div>\n<div class=\"three columns\"><img decoding=\"async\" class=\"size-full wp-image-3763\" title=\"delhivry\" src=\"https:\/\/logixgrid.com\/wp-content\/uploads\/2020\/06\/delhivry.png\" alt=\"Delhivery-logo\" width=\"\" height=\"140\"><\/div>\n<div class=\"three columns\"><img decoding=\"async\" class=\"size-full wp-image-3767\" title=\"fed 2\" src=\"https:\/\/logixgrid.com\/wp-content\/uploads\/2020\/06\/fed-2.png\" alt=\"FedEx-logo\" width=\"\" height=\"140\"><\/div>\n<div class=\"three columns\"><img decoding=\"async\" class=\"size-full wp-image-3761\" title=\"aramex 2\" src=\"https:\/\/logixgrid.com\/wp-content\/uploads\/2020\/06\/aramex-2.png\" alt=\"Aramex-logo\" width=\"\" height=\"140\"><\/div>\n<div class=\"three columns\"><img decoding=\"async\" class=\"size-full wp-image-3764\" title=\"dhl 2\" src=\"https:\/\/logixgrid.com\/wp-content\/uploads\/2020\/06\/dhl-2.png\" alt=\"DHL-logo\" width=\"\" height=\"140\"><\/div>\n<a class=\"section-4-anchor\">View More<i class=\"fas fa-chevron-down\"><\/i><\/a>\n\n<\/div>\n<\/div>\t\t\t\t\t\t\t\t<\/div>\n\t\t\t\t<\/div>\n\t\t\t\t\t<\/div>\n\t\t<\/div>\n\t\t\t\t\t<\/div>\n\t\t<\/section>\n\t\t\t\t<section class=\"elementor-section elementor-top-section elementor-element elementor-element-0c96d69 elementor-section-boxed elementor-section-height-default elementor-section-height-default\" data-id=\"0c96d69\" data-element_type=\"section\">\n\t\t\t\t\t\t<div class=\"elementor-container elementor-column-gap-default\">\n\t\t\t\t\t<div class=\"elementor-column elementor-col-100 elementor-top-column elementor-element elementor-element-c2c2eb6\" data-id=\"c2c2eb6\" data-element_type=\"column\">\n\t\t\t<div class=\"elementor-widget-wrap elementor-element-populated\">\n\t\t\t\t\t\t<div class=\"elementor-element elementor-element-85f6a69 elementor-widget elementor-widget-text-editor\" data-id=\"85f6a69\" data-element_type=\"widget\" data-widget_type=\"text-editor.default\">\n\t\t\t\t<div class=\"elementor-widget-container\">\n\t\t\t\t\t\t\t\t\t<style>.boost-txt-css{color:#0e0e0e;font-size:22px;font-weight:400}.section4-layout{margin-top:-20px;padding:40px 15px 45px}.margin-10px{margin:0 -10px}@media only screen and (min-width:992px){.width-auto,.boost-txt-css{width:auto!important}.flex-item-center{display:flex;align-items:center;justify-content:center}.boost-txt-css{line-height:1.3}}@media only screen and (min-width:768px) and (max-width:1199px){.boost-txt-css{font-size:21px}}@media only screen and (max-width:991px){.started-button{margin-top:20px}}@media only screen and (max-width:767px){.started-button{padding:15px 28px}}<\/style>\n\n<section class=\"fonts-lato margin-10px\">\n<div class=\"row-width text-center\">\n<div class=\"twelve columns flex-item-center section4-layout\">\n<div class=\"nine columns boost-txt-css full-width\"><a href=\"https:\/\/partners.logixplatform.com\/home\">Rejoignez-nous<\/a> aujourd\u2019hui, faites partie de quelque chose d\u2019excitant &amp; incroyable et gagne gros<\/div>\n<div class=\"three columns width-auto full-width\"><a class=\"paoc-popup-fr\" target=\"_self\"><button class=\"popupaoc-button started-button\">D\u00e9marrer<\/button><\/a><\/div>\n<\/div>\n<\/div>\n<\/section>\t\t\t\t\t\t\t\t<\/div>\n\t\t\t\t<\/div>\n\t\t\t\t\t<\/div>\n\t\t<\/div>\n\t\t\t\t\t<\/div>\n\t\t<\/section>\n\t\t\t\t<\/div>\n\t\t","protected":false},"excerpt":{"rendered":"<p>Logix Partenaires Partenaires Strat\u00e9giques Rejoignez l&rsquo;un des programmes de partenaires strat\u00e9giques \u00e0 la croissance la plus rapide et explorez de nouvelles opportunit\u00e9s commerciales. Pourquoi devenir Partenaire Strat\u00e9gique? Le programme Strategic Partners consiste en un \u00e9cosyst\u00e8me collaboratif d&rsquo;organisations mondiales form\u00e9es et certifi\u00e9es, dot\u00e9es d&rsquo;une solide expertise sectorielle et sectorielle. Soyez notre partenaire strat\u00e9gique pour ajouter une [&hellip;]<\/p>\n","protected":false},"author":1,"featured_media":0,"parent":0,"menu_order":0,"comment_status":"closed","ping_status":"closed","template":"elementor_header_footer","meta":{"content-type":"","_monsterinsights_skip_tracking":false,"_monsterinsights_sitenote_active":false,"_monsterinsights_sitenote_note":"","_monsterinsights_sitenote_category":0,"_uf_show_specific_survey":0,"_uf_disable_surveys":false,"footnotes":""},"class_list":["post-29148","page","type-page","status-publish","hentry"],"aioseo_notices":[],"_links":{"self":[{"href":"https:\/\/logixgrid.com\/fr\/wp-json\/wp\/v2\/pages\/29148","targetHints":{"allow":["GET"]}}],"collection":[{"href":"https:\/\/logixgrid.com\/fr\/wp-json\/wp\/v2\/pages"}],"about":[{"href":"https:\/\/logixgrid.com\/fr\/wp-json\/wp\/v2\/types\/page"}],"author":[{"embeddable":true,"href":"https:\/\/logixgrid.com\/fr\/wp-json\/wp\/v2\/users\/1"}],"replies":[{"embeddable":true,"href":"https:\/\/logixgrid.com\/fr\/wp-json\/wp\/v2\/comments?post=29148"}],"version-history":[{"count":15,"href":"https:\/\/logixgrid.com\/fr\/wp-json\/wp\/v2\/pages\/29148\/revisions"}],"predecessor-version":[{"id":29728,"href":"https:\/\/logixgrid.com\/fr\/wp-json\/wp\/v2\/pages\/29148\/revisions\/29728"}],"wp:attachment":[{"href":"https:\/\/logixgrid.com\/fr\/wp-json\/wp\/v2\/media?parent=29148"}],"curies":[{"name":"wp","href":"https:\/\/api.w.org\/{rel}","templated":true}]}}